{"id":7198,"date":"2025-12-01T12:55:06","date_gmt":"2025-12-01T11:55:06","guid":{"rendered":"https:\/\/www.generalfittings.it\/lavora-con-noi\/"},"modified":"2026-02-03T11:07:20","modified_gmt":"2026-02-03T10:07:20","slug":"travaillez-avec-nous","status":"publish","type":"page","link":"https:\/\/www.generalfittings.it\/fr\/travaillez-avec-nous\/","title":{"rendered":"Travaillez avec nous"},"content":{"rendered":"<p data-start=\"51\" data-end=\"350\">Chez <strong data-start=\"56\" data-end=\"76\">General Fittings<\/strong>, nous croyons que la valeur d\u2019une entreprise na\u00eet avant tout des <strong data-start=\"142\" data-end=\"187\">personnes qui la font grandir chaque jour<\/strong>.<br data-start=\"188\" data-end=\"191\" \/>Nous recherchons des <strong data-start=\"212\" data-end=\"252\">professionnels motiv\u00e9s et comp\u00e9tents<\/strong>, pr\u00eats \u00e0 s\u2019investir dans un <strong data-start=\"281\" data-end=\"349\">environnement industriel solide, innovant et 100 % Made in Italy<\/strong>.<\/p>\n<p data-start=\"352\" data-end=\"640\" data-is-last-node=\"\" data-is-only-node=\"\">M\u00eame en l\u2019absence de postes ouverts, il est possible d\u2019envoyer une <strong data-start=\"419\" data-end=\"444\">candidature spontan\u00e9e<\/strong> en compl\u00e9tant le formulaire et en joignant votre <strong data-start=\"494\" data-end=\"514\">curriculum vitae<\/strong> : chaque profil en ad\u00e9quation avec les <strong data-start=\"554\" data-end=\"596\">valeurs et les besoins de l\u2019entreprise<\/strong> sera examin\u00e9 avec la plus grande attention.<\/p>\n","protected":false},"excerpt":{"rendered":"<p>Chez General Fittings, nous croyons que la valeur d\u2019une entreprise na\u00eet avant tout des personnes qui la font grandir chaque jour.Nous recherchons des professionnels motiv\u00e9s et comp\u00e9tents, pr\u00eats \u00e0 s\u2019investir dans un environnement industriel solide, innovant et 100 % Made in Italy. M\u00eame en l\u2019absence de postes ouverts, il est possible d\u2019envoyer une candidature spontan\u00e9e [&hellip;]<\/p>\n","protected":false},"author":2,"featured_media":0,"parent":0,"menu_order":0,"comment_status":"closed","ping_status":"closed","template":"templates\/tpl-work-with-us.php","meta":{"_acf_changed":false,"footnotes":""},"class_list":["post-7198","page","type-page","status-publish","hentry"],"acf":[],"yoast_head":"<!-- This site is optimized with the Yoast SEO plugin v26.9 - https:\/\/yoast.com\/product\/yoast-seo-wordpress\/ -->\n<title>Travaillez avec nous General Fittings | Carri\u00e8res<\/title>\n<meta name=\"description\" content=\"Travaillez chez General Fittings : d\u00e9couvrez nos opportunit\u00e9s de carri\u00e8re et postulez pour rejoindre une entreprise industrielle solide.\" \/>\n<meta name=\"robots\" content=\"index, follow, max-snippet:-1, max-image-preview:large, max-video-preview:-1\" \/>\n<link rel=\"canonical\" href=\"https:\/\/www.generalfittings.it\/fr\/travaillez-avec-nous\/\" \/>\n<meta property=\"og:locale\" content=\"fr_FR\" \/>\n<meta property=\"og:type\" content=\"article\" \/>\n<meta property=\"og:title\" content=\"Travaillez avec nous General Fittings | Carri\u00e8res\" \/>\n<meta property=\"og:description\" content=\"Travaillez chez General Fittings : d\u00e9couvrez nos opportunit\u00e9s de carri\u00e8re et postulez pour rejoindre une entreprise industrielle solide.\" \/>\n<meta property=\"og:url\" content=\"https:\/\/www.generalfittings.it\/fr\/travaillez-avec-nous\/\" \/>\n<meta property=\"og:site_name\" content=\"General Fittings\" \/>\n<meta property=\"article:modified_time\" content=\"2026-02-03T10:07:20+00:00\" \/>\n<meta property=\"og:image\" content=\"https:\/\/www.generalfittings.it\/wp-content\/uploads\/2026\/02\/GENERALFITTINGS_LOGO.jpg\" \/>\n\t<meta property=\"og:image:width\" content=\"696\" \/>\n\t<meta property=\"og:image:height\" content=\"696\" \/>\n\t<meta property=\"og:image:type\" content=\"image\/jpeg\" \/>\n<meta name=\"twitter:card\" content=\"summary_large_image\" \/>\n<meta name=\"twitter:label1\" content=\"Dur\u00e9e de lecture estim\u00e9e\" \/>\n\t<meta name=\"twitter:data1\" content=\"1 minute\" \/>\n<script type=\"application\/ld+json\" class=\"yoast-schema-graph\">{\n\t    \"@context\": \"https:\/\/schema.org\",\n\t    \"@graph\": [\n\t        {\n\t            \"@type\": \"WebPage\",\n\t            \"@id\": \"https:\/\/www.generalfittings.it\/fr\/travaillez-avec-nous\/\",\n\t            \"url\": \"https:\/\/www.generalfittings.it\/fr\/travaillez-avec-nous\/\",\n\t            \"name\": \"Travaillez avec nous General Fittings | Carri\u00e8res\",\n\t            \"isPartOf\": {\n\t                \"@id\": \"https:\/\/www.generalfittings.it\/fr\/#website\"\n\t            },\n\t            \"datePublished\": \"2025-12-01T11:55:06+00:00\",\n\t            \"dateModified\": \"2026-02-03T10:07:20+00:00\",\n\t            \"description\": \"Travaillez chez General Fittings : d\u00e9couvrez nos opportunit\u00e9s de carri\u00e8re et postulez pour rejoindre une entreprise industrielle solide.\",\n\t            \"breadcrumb\": {\n\t                \"@id\": \"https:\/\/www.generalfittings.it\/fr\/travaillez-avec-nous\/#breadcrumb\"\n\t            },\n\t            \"inLanguage\": \"fr-FR\",\n\t            \"potentialAction\": [\n\t                {\n\t                    \"@type\": \"ReadAction\",\n\t                    \"target\": [\n\t                        \"https:\/\/www.generalfittings.it\/fr\/travaillez-avec-nous\/\"\n\t                    ]\n\t                }\n\t            ]\n\t        },\n\t        {\n\t            \"@type\": \"BreadcrumbList\",\n\t            \"@id\": \"https:\/\/www.generalfittings.it\/fr\/travaillez-avec-nous\/#breadcrumb\",\n\t            \"itemListElement\": [\n\t                {\n\t                    \"@type\": \"ListItem\",\n\t                    \"position\": 1,\n\t                    \"name\": \"Home\",\n\t                    \"item\": \"https:\/\/www.generalfittings.it\/fr\/\"\n\t                },\n\t                {\n\t                    \"@type\": \"ListItem\",\n\t                    \"position\": 2,\n\t                    \"name\": \"Travaillez avec nous\"\n\t                }\n\t            ]\n\t        },\n\t        {\n\t            \"@type\": \"WebSite\",\n\t            \"@id\": \"https:\/\/www.generalfittings.it\/fr\/#website\",\n\t            \"url\": \"https:\/\/www.generalfittings.it\/fr\/\",\n\t            \"name\": \"General Fittings\",\n\t            \"description\": \"\",\n\t            \"publisher\": {\n\t                \"@id\": \"https:\/\/www.generalfittings.it\/fr\/#organization\"\n\t            },\n\t            \"potentialAction\": [\n\t                {\n\t                    \"@type\": \"SearchAction\",\n\t                    \"target\": {\n\t                        \"@type\": \"EntryPoint\",\n\t                        \"urlTemplate\": \"https:\/\/www.generalfittings.it\/fr\/?s={search_term_string}\"\n\t                    },\n\t                    \"query-input\": {\n\t                        \"@type\": \"PropertyValueSpecification\",\n\t                        \"valueRequired\": true,\n\t                        \"valueName\": \"search_term_string\"\n\t                    }\n\t                }\n\t            ],\n\t            \"inLanguage\": \"fr-FR\"\n\t        },\n\t        {\n\t            \"@type\": \"Organization\",\n\t            \"@id\": \"https:\/\/www.generalfittings.it\/fr\/#organization\",\n\t            \"name\": \"General Fittings\",\n\t            \"url\": \"https:\/\/www.generalfittings.it\/fr\/\",\n\t            \"logo\": {\n\t                \"@type\": \"ImageObject\",\n\t                \"inLanguage\": \"fr-FR\",\n\t                \"@id\": \"https:\/\/www.generalfittings.it\/fr\/#\/schema\/logo\/image\/\",\n\t                \"url\": \"https:\/\/www.generalfittings.it\/wp-content\/uploads\/2026\/02\/GENERALFITTINGS_LOGO.jpg\",\n\t                \"contentUrl\": \"https:\/\/www.generalfittings.it\/wp-content\/uploads\/2026\/02\/GENERALFITTINGS_LOGO.jpg\",\n\t                \"width\": 696,\n\t                \"height\": 696,\n\t                \"caption\": \"General Fittings\"\n\t            },\n\t            \"image\": {\n\t                \"@id\": \"https:\/\/www.generalfittings.it\/fr\/#\/schema\/logo\/image\/\"\n\t            }\n\t        }\n\t    ]\n\t}<\/script>\n<!-- \/ Yoast SEO plugin. -->","yoast_head_json":{"title":"Travaillez avec nous General Fittings | Carri\u00e8res","description":"Travaillez chez General Fittings : d\u00e9couvrez nos opportunit\u00e9s de carri\u00e8re et postulez pour rejoindre une entreprise industrielle solide.","robots":{"index":"index","follow":"follow","max-snippet":"max-snippet:-1","max-image-preview":"max-image-preview:large","max-video-preview":"max-video-preview:-1"},"canonical":"https:\/\/www.generalfittings.it\/fr\/travaillez-avec-nous\/","og_locale":"fr_FR","og_type":"article","og_title":"Travaillez avec nous General Fittings | Carri\u00e8res","og_description":"Travaillez chez General Fittings : d\u00e9couvrez nos opportunit\u00e9s de carri\u00e8re et postulez pour rejoindre une entreprise industrielle solide.","og_url":"https:\/\/www.generalfittings.it\/fr\/travaillez-avec-nous\/","og_site_name":"General Fittings","article_modified_time":"2026-02-03T10:07:20+00:00","og_image":[{"width":696,"height":696,"url":"https:\/\/www.generalfittings.it\/wp-content\/uploads\/2026\/02\/GENERALFITTINGS_LOGO.jpg","type":"image\/jpeg"}],"twitter_card":"summary_large_image","twitter_misc":{"Dur\u00e9e de lecture estim\u00e9e":"1 minute"},"schema":{"@context":"https:\/\/schema.org","@graph":[{"@type":"WebPage","@id":"https:\/\/www.generalfittings.it\/fr\/travaillez-avec-nous\/","url":"https:\/\/www.generalfittings.it\/fr\/travaillez-avec-nous\/","name":"Travaillez avec nous General Fittings | Carri\u00e8res","isPartOf":{"@id":"https:\/\/www.generalfittings.it\/fr\/#website"},"datePublished":"2025-12-01T11:55:06+00:00","dateModified":"2026-02-03T10:07:20+00:00","description":"Travaillez chez General Fittings : d\u00e9couvrez nos opportunit\u00e9s de carri\u00e8re et postulez pour rejoindre une entreprise industrielle solide.","breadcrumb":{"@id":"https:\/\/www.generalfittings.it\/fr\/travaillez-avec-nous\/#breadcrumb"},"inLanguage":"fr-FR","potentialAction":[{"@type":"ReadAction","target":["https:\/\/www.generalfittings.it\/fr\/travaillez-avec-nous\/"]}]},{"@type":"BreadcrumbList","@id":"https:\/\/www.generalfittings.it\/fr\/travaillez-avec-nous\/#breadcrumb","itemListElement":[{"@type":"ListItem","position":1,"name":"Home","item":"https:\/\/www.generalfittings.it\/fr\/"},{"@type":"ListItem","position":2,"name":"Travaillez avec nous"}]},{"@type":"WebSite","@id":"https:\/\/www.generalfittings.it\/fr\/#website","url":"https:\/\/www.generalfittings.it\/fr\/","name":"General Fittings","description":"","publisher":{"@id":"https:\/\/www.generalfittings.it\/fr\/#organization"},"potentialAction":[{"@type":"SearchAction","target":{"@type":"EntryPoint","urlTemplate":"https:\/\/www.generalfittings.it\/fr\/?s={search_term_string}"},"query-input":{"@type":"PropertyValueSpecification","valueRequired":true,"valueName":"search_term_string"}}],"inLanguage":"fr-FR"},{"@type":"Organization","@id":"https:\/\/www.generalfittings.it\/fr\/#organization","name":"General Fittings","url":"https:\/\/www.generalfittings.it\/fr\/","logo":{"@type":"ImageObject","inLanguage":"fr-FR","@id":"https:\/\/www.generalfittings.it\/fr\/#\/schema\/logo\/image\/","url":"https:\/\/www.generalfittings.it\/wp-content\/uploads\/2026\/02\/GENERALFITTINGS_LOGO.jpg","contentUrl":"https:\/\/www.generalfittings.it\/wp-content\/uploads\/2026\/02\/GENERALFITTINGS_LOGO.jpg","width":696,"height":696,"caption":"General Fittings"},"image":{"@id":"https:\/\/www.generalfittings.it\/fr\/#\/schema\/logo\/image\/"}}]}},"_links":{"self":[{"href":"https:\/\/www.generalfittings.it\/fr\/wp-json\/wp\/v2\/pages\/7198","targetHints":{"allow":["GET"]}}],"collection":[{"href":"https:\/\/www.generalfittings.it\/fr\/wp-json\/wp\/v2\/pages"}],"about":[{"href":"https:\/\/www.generalfittings.it\/fr\/wp-json\/wp\/v2\/types\/page"}],"author":[{"embeddable":true,"href":"https:\/\/www.generalfittings.it\/fr\/wp-json\/wp\/v2\/users\/2"}],"replies":[{"embeddable":true,"href":"https:\/\/www.generalfittings.it\/fr\/wp-json\/wp\/v2\/comments?post=7198"}],"version-history":[{"count":1,"href":"https:\/\/www.generalfittings.it\/fr\/wp-json\/wp\/v2\/pages\/7198\/revisions"}],"predecessor-version":[{"id":10941,"href":"https:\/\/www.generalfittings.it\/fr\/wp-json\/wp\/v2\/pages\/7198\/revisions\/10941"}],"wp:attachment":[{"href":"https:\/\/www.generalfittings.it\/fr\/wp-json\/wp\/v2\/media?parent=7198"}],"curies":[{"name":"wp","href":"https:\/\/api.w.org\/{rel}","templated":true}]}}