{"id":15699,"date":"2026-03-27T08:45:56","date_gmt":"2026-03-27T07:45:56","guid":{"rendered":"https:\/\/www.generalfittings.it\/bim-2\/"},"modified":"2026-03-27T13:42:00","modified_gmt":"2026-03-27T12:42:00","slug":"bim","status":"publish","type":"page","link":"https:\/\/www.generalfittings.it\/fr\/bim\/","title":{"rendered":"BIM"},"content":{"rendered":"<p data-start=\"0\" data-end=\"145\">General Fittings soutient la conception num\u00e9rique en mettant \u00e0 disposition des objets BIM param\u00e9triques de ses solutions hydro-thermo-sanitaires.<\/p>\n<p data-start=\"147\" data-end=\"482\" data-is-last-node=\"\" data-is-only-node=\"\">Le Building Information Modeling (BIM) permet de travailler avec des mod\u00e8les tridimensionnels enrichis d\u2019informations techniques, utiles pour optimiser les choix de conception, r\u00e9duire les erreurs et coordonner efficacement tous les acteurs impliqu\u00e9s.<br data-start=\"398\" data-end=\"401\" \/>Le BIM garantit pr\u00e9cision, rapidit\u00e9 et int\u00e9gration \u00e0 toutes les phases du projet.<\/p>\n<p><iframe loading=\"lazy\" src=\"\/\/productsite.bimobject.com\/fr\/embed\/general-fittings\/privatecloud\/general-fittings\" width=\"100%\" height=\"1000\" frameborder=\"0\" scrolling=\"auto\"><\/iframe><\/p>\n","protected":false},"excerpt":{"rendered":"<p>General Fittings soutient la conception num\u00e9rique en mettant \u00e0 disposition des objets BIM param\u00e9triques de ses solutions hydro-thermo-sanitaires. Le Building Information Modeling (BIM) permet de travailler avec des mod\u00e8les tridimensionnels enrichis d\u2019informations techniques, utiles pour optimiser les choix de conception, r\u00e9duire les erreurs et coordonner efficacement tous les acteurs impliqu\u00e9s.Le BIM garantit pr\u00e9cision, rapidit\u00e9 et [&hellip;]<\/p>\n","protected":false},"author":2,"featured_media":0,"parent":0,"menu_order":0,"comment_status":"closed","ping_status":"closed","template":"","meta":{"_acf_changed":false,"footnotes":""},"class_list":["post-15699","page","type-page","status-publish","hentry"],"acf":[],"yoast_head":"<!-- This site is optimized with the Yoast SEO plugin v26.9 - https:\/\/yoast.com\/product\/yoast-seo-wordpress\/ -->\n<title>BIM - General Fittings<\/title>\n<meta name=\"description\" content=\"BIM General Fittings: parametric BIM objects for plumbing and heating system design. Download models and support your project.\" \/>\n<meta name=\"robots\" content=\"index, follow, max-snippet:-1, max-image-preview:large, max-video-preview:-1\" \/>\n<link rel=\"canonical\" href=\"https:\/\/www.generalfittings.it\/fr\/bim\/\" \/>\n<meta property=\"og:locale\" content=\"fr_FR\" \/>\n<meta property=\"og:type\" content=\"article\" \/>\n<meta property=\"og:title\" content=\"BIM - General Fittings\" \/>\n<meta property=\"og:description\" content=\"BIM General Fittings: parametric BIM objects for plumbing and heating system design. Download models and support your project.\" \/>\n<meta property=\"og:url\" content=\"https:\/\/www.generalfittings.it\/fr\/bim\/\" \/>\n<meta property=\"og:site_name\" content=\"General Fittings\" \/>\n<meta property=\"article:modified_time\" content=\"2026-03-27T12:42:00+00:00\" \/>\n<meta property=\"og:image\" content=\"https:\/\/www.generalfittings.it\/wp-content\/uploads\/2026\/02\/GENERALFITTINGS_LOGO.jpg\" \/>\n\t<meta property=\"og:image:width\" content=\"696\" \/>\n\t<meta property=\"og:image:height\" content=\"696\" \/>\n\t<meta property=\"og:image:type\" content=\"image\/jpeg\" \/>\n<meta name=\"twitter:card\" content=\"summary_large_image\" \/>\n<meta name=\"twitter:label1\" content=\"Dur\u00e9e de lecture estim\u00e9e\" \/>\n\t<meta name=\"twitter:data1\" content=\"1 minute\" \/>\n<script type=\"application\/ld+json\" class=\"yoast-schema-graph\">{\n\t    \"@context\": \"https:\/\/schema.org\",\n\t    \"@graph\": [\n\t        {\n\t            \"@type\": \"WebPage\",\n\t            \"@id\": \"https:\/\/www.generalfittings.it\/fr\/bim\/\",\n\t            \"url\": \"https:\/\/www.generalfittings.it\/fr\/bim\/\",\n\t            \"name\": \"BIM - General Fittings\",\n\t            \"isPartOf\": {\n\t                \"@id\": \"https:\/\/www.generalfittings.it\/fr\/#website\"\n\t            },\n\t            \"datePublished\": \"2026-03-27T07:45:56+00:00\",\n\t            \"dateModified\": \"2026-03-27T12:42:00+00:00\",\n\t            \"description\": \"BIM General Fittings: parametric BIM objects for plumbing and heating system design. Download models and support your project.\",\n\t            \"breadcrumb\": {\n\t                \"@id\": \"https:\/\/www.generalfittings.it\/fr\/bim\/#breadcrumb\"\n\t            },\n\t            \"inLanguage\": \"fr-FR\",\n\t            \"potentialAction\": [\n\t                {\n\t                    \"@type\": \"ReadAction\",\n\t                    \"target\": [\n\t                        \"https:\/\/www.generalfittings.it\/fr\/bim\/\"\n\t                    ]\n\t                }\n\t            ]\n\t        },\n\t        {\n\t            \"@type\": \"BreadcrumbList\",\n\t            \"@id\": \"https:\/\/www.generalfittings.it\/fr\/bim\/#breadcrumb\",\n\t            \"itemListElement\": [\n\t                {\n\t                    \"@type\": \"ListItem\",\n\t                    \"position\": 1,\n\t                    \"name\": \"Home\",\n\t                    \"item\": \"https:\/\/www.generalfittings.it\/fr\/\"\n\t                },\n\t                {\n\t                    \"@type\": \"ListItem\",\n\t                    \"position\": 2,\n\t                    \"name\": \"BIM\"\n\t                }\n\t            ]\n\t        },\n\t        {\n\t            \"@type\": \"WebSite\",\n\t            \"@id\": \"https:\/\/www.generalfittings.it\/fr\/#website\",\n\t            \"url\": \"https:\/\/www.generalfittings.it\/fr\/\",\n\t            \"name\": \"General Fittings\",\n\t            \"description\": \"\",\n\t            \"publisher\": {\n\t                \"@id\": \"https:\/\/www.generalfittings.it\/fr\/#organization\"\n\t            },\n\t            \"potentialAction\": [\n\t                {\n\t                    \"@type\": \"SearchAction\",\n\t                    \"target\": {\n\t                        \"@type\": \"EntryPoint\",\n\t                        \"urlTemplate\": \"https:\/\/www.generalfittings.it\/fr\/?s={search_term_string}\"\n\t                    },\n\t                    \"query-input\": {\n\t                        \"@type\": \"PropertyValueSpecification\",\n\t                        \"valueRequired\": true,\n\t                        \"valueName\": \"search_term_string\"\n\t                    }\n\t                }\n\t            ],\n\t            \"inLanguage\": \"fr-FR\"\n\t        },\n\t        {\n\t            \"@type\": \"Organization\",\n\t            \"@id\": \"https:\/\/www.generalfittings.it\/fr\/#organization\",\n\t            \"name\": \"General Fittings\",\n\t            \"url\": \"https:\/\/www.generalfittings.it\/fr\/\",\n\t            \"logo\": {\n\t                \"@type\": \"ImageObject\",\n\t                \"inLanguage\": \"fr-FR\",\n\t                \"@id\": \"https:\/\/www.generalfittings.it\/fr\/#\/schema\/logo\/image\/\",\n\t                \"url\": \"https:\/\/www.generalfittings.it\/wp-content\/uploads\/2026\/02\/GENERALFITTINGS_LOGO.jpg\",\n\t                \"contentUrl\": \"https:\/\/www.generalfittings.it\/wp-content\/uploads\/2026\/02\/GENERALFITTINGS_LOGO.jpg\",\n\t                \"width\": 696,\n\t                \"height\": 696,\n\t                \"caption\": \"General Fittings\"\n\t            },\n\t            \"image\": {\n\t                \"@id\": \"https:\/\/www.generalfittings.it\/fr\/#\/schema\/logo\/image\/\"\n\t            }\n\t        }\n\t    ]\n\t}<\/script>\n<!-- \/ Yoast SEO plugin. -->","yoast_head_json":{"title":"BIM - General Fittings","description":"BIM General Fittings: parametric BIM objects for plumbing and heating system design. Download models and support your project.","robots":{"index":"index","follow":"follow","max-snippet":"max-snippet:-1","max-image-preview":"max-image-preview:large","max-video-preview":"max-video-preview:-1"},"canonical":"https:\/\/www.generalfittings.it\/fr\/bim\/","og_locale":"fr_FR","og_type":"article","og_title":"BIM - General Fittings","og_description":"BIM General Fittings: parametric BIM objects for plumbing and heating system design. Download models and support your project.","og_url":"https:\/\/www.generalfittings.it\/fr\/bim\/","og_site_name":"General Fittings","article_modified_time":"2026-03-27T12:42:00+00:00","og_image":[{"width":696,"height":696,"url":"https:\/\/www.generalfittings.it\/wp-content\/uploads\/2026\/02\/GENERALFITTINGS_LOGO.jpg","type":"image\/jpeg"}],"twitter_card":"summary_large_image","twitter_misc":{"Dur\u00e9e de lecture estim\u00e9e":"1 minute"},"schema":{"@context":"https:\/\/schema.org","@graph":[{"@type":"WebPage","@id":"https:\/\/www.generalfittings.it\/fr\/bim\/","url":"https:\/\/www.generalfittings.it\/fr\/bim\/","name":"BIM - General Fittings","isPartOf":{"@id":"https:\/\/www.generalfittings.it\/fr\/#website"},"datePublished":"2026-03-27T07:45:56+00:00","dateModified":"2026-03-27T12:42:00+00:00","description":"BIM General Fittings: parametric BIM objects for plumbing and heating system design. Download models and support your project.","breadcrumb":{"@id":"https:\/\/www.generalfittings.it\/fr\/bim\/#breadcrumb"},"inLanguage":"fr-FR","potentialAction":[{"@type":"ReadAction","target":["https:\/\/www.generalfittings.it\/fr\/bim\/"]}]},{"@type":"BreadcrumbList","@id":"https:\/\/www.generalfittings.it\/fr\/bim\/#breadcrumb","itemListElement":[{"@type":"ListItem","position":1,"name":"Home","item":"https:\/\/www.generalfittings.it\/fr\/"},{"@type":"ListItem","position":2,"name":"BIM"}]},{"@type":"WebSite","@id":"https:\/\/www.generalfittings.it\/fr\/#website","url":"https:\/\/www.generalfittings.it\/fr\/","name":"General Fittings","description":"","publisher":{"@id":"https:\/\/www.generalfittings.it\/fr\/#organization"},"potentialAction":[{"@type":"SearchAction","target":{"@type":"EntryPoint","urlTemplate":"https:\/\/www.generalfittings.it\/fr\/?s={search_term_string}"},"query-input":{"@type":"PropertyValueSpecification","valueRequired":true,"valueName":"search_term_string"}}],"inLanguage":"fr-FR"},{"@type":"Organization","@id":"https:\/\/www.generalfittings.it\/fr\/#organization","name":"General Fittings","url":"https:\/\/www.generalfittings.it\/fr\/","logo":{"@type":"ImageObject","inLanguage":"fr-FR","@id":"https:\/\/www.generalfittings.it\/fr\/#\/schema\/logo\/image\/","url":"https:\/\/www.generalfittings.it\/wp-content\/uploads\/2026\/02\/GENERALFITTINGS_LOGO.jpg","contentUrl":"https:\/\/www.generalfittings.it\/wp-content\/uploads\/2026\/02\/GENERALFITTINGS_LOGO.jpg","width":696,"height":696,"caption":"General Fittings"},"image":{"@id":"https:\/\/www.generalfittings.it\/fr\/#\/schema\/logo\/image\/"}}]}},"_links":{"self":[{"href":"https:\/\/www.generalfittings.it\/fr\/wp-json\/wp\/v2\/pages\/15699","targetHints":{"allow":["GET"]}}],"collection":[{"href":"https:\/\/www.generalfittings.it\/fr\/wp-json\/wp\/v2\/pages"}],"about":[{"href":"https:\/\/www.generalfittings.it\/fr\/wp-json\/wp\/v2\/types\/page"}],"author":[{"embeddable":true,"href":"https:\/\/www.generalfittings.it\/fr\/wp-json\/wp\/v2\/users\/2"}],"replies":[{"embeddable":true,"href":"https:\/\/www.generalfittings.it\/fr\/wp-json\/wp\/v2\/comments?post=15699"}],"version-history":[{"count":1,"href":"https:\/\/www.generalfittings.it\/fr\/wp-json\/wp\/v2\/pages\/15699\/revisions"}],"predecessor-version":[{"id":15758,"href":"https:\/\/www.generalfittings.it\/fr\/wp-json\/wp\/v2\/pages\/15699\/revisions\/15758"}],"wp:attachment":[{"href":"https:\/\/www.generalfittings.it\/fr\/wp-json\/wp\/v2\/media?parent=15699"}],"curies":[{"name":"wp","href":"https:\/\/api.w.org\/{rel}","templated":true}]}}