{"id":11423,"date":"2025-10-14T16:05:53","date_gmt":"2025-10-14T14:05:53","guid":{"rendered":"https:\/\/www.generalfittings.it\/referenze\/"},"modified":"2026-02-03T11:04:58","modified_gmt":"2026-02-03T10:04:58","slug":"references","status":"publish","type":"page","link":"https:\/\/www.generalfittings.it\/fr\/references\/","title":{"rendered":"R\u00e9f\u00e9rences"},"content":{"rendered":"<p>Les r\u00e9f\u00e9rences General Fittings t\u00e9moignent de la fiabilit\u00e9 de nos solutions \u00e0 travers des projets concrets et des installations r\u00e9alis\u00e9es en Italie et dans le monde entier.<br \/>\nImmeubles r\u00e9sidentiels, commerciaux et industriels dans lesquels nos produits ont \u00e9t\u00e9 choisis et install\u00e9s.<\/p>\n","protected":false},"excerpt":{"rendered":"<p>Les r\u00e9f\u00e9rences General Fittings t\u00e9moignent de la fiabilit\u00e9 de nos solutions \u00e0 travers des projets concrets et des installations r\u00e9alis\u00e9es en Italie et dans le monde entier. Immeubles r\u00e9sidentiels, commerciaux et industriels dans lesquels nos produits ont \u00e9t\u00e9 choisis et install\u00e9s.<\/p>\n","protected":false},"author":2,"featured_media":0,"parent":0,"menu_order":0,"comment_status":"closed","ping_status":"closed","template":"templates\/tpl-references.php","meta":{"_acf_changed":false,"footnotes":""},"class_list":["post-11423","page","type-page","status-publish","hentry"],"acf":[],"yoast_head":"<!-- This site is optimized with the Yoast SEO plugin v26.9 - https:\/\/yoast.com\/product\/yoast-seo-wordpress\/ -->\n<title>R\u00e9f\u00e9rences General Fittings | Projets et applications<\/title>\n<meta name=\"description\" content=\"D\u00e9couvrez les r\u00e9f\u00e9rences General Fittings : projets et applications dans les secteurs r\u00e9sidentiel, tertiaire et industriel.\" \/>\n<meta name=\"robots\" content=\"index, follow, max-snippet:-1, max-image-preview:large, max-video-preview:-1\" \/>\n<link rel=\"canonical\" href=\"https:\/\/www.generalfittings.it\/fr\/references\/\" \/>\n<meta property=\"og:locale\" content=\"fr_FR\" \/>\n<meta property=\"og:type\" content=\"article\" \/>\n<meta property=\"og:title\" content=\"R\u00e9f\u00e9rences General Fittings | Projets et applications\" \/>\n<meta property=\"og:description\" content=\"D\u00e9couvrez les r\u00e9f\u00e9rences General Fittings : projets et applications dans les secteurs r\u00e9sidentiel, tertiaire et industriel.\" \/>\n<meta property=\"og:url\" content=\"https:\/\/www.generalfittings.it\/fr\/references\/\" \/>\n<meta property=\"og:site_name\" content=\"General Fittings\" \/>\n<meta property=\"article:modified_time\" content=\"2026-02-03T10:04:58+00:00\" \/>\n<meta property=\"og:image\" content=\"https:\/\/www.generalfittings.it\/wp-content\/uploads\/2026\/02\/GENERALFITTINGS_LOGO.jpg\" \/>\n\t<meta property=\"og:image:width\" content=\"696\" \/>\n\t<meta property=\"og:image:height\" content=\"696\" \/>\n\t<meta property=\"og:image:type\" content=\"image\/jpeg\" \/>\n<meta name=\"twitter:card\" content=\"summary_large_image\" \/>\n<meta name=\"twitter:label1\" content=\"Dur\u00e9e de lecture estim\u00e9e\" \/>\n\t<meta name=\"twitter:data1\" content=\"1 minute\" \/>\n<script type=\"application\/ld+json\" class=\"yoast-schema-graph\">{\n\t    \"@context\": \"https:\/\/schema.org\",\n\t    \"@graph\": [\n\t        {\n\t            \"@type\": \"WebPage\",\n\t            \"@id\": \"https:\/\/www.generalfittings.it\/fr\/references\/\",\n\t            \"url\": \"https:\/\/www.generalfittings.it\/fr\/references\/\",\n\t            \"name\": \"R\u00e9f\u00e9rences General Fittings | Projets et applications\",\n\t            \"isPartOf\": {\n\t                \"@id\": \"https:\/\/www.generalfittings.it\/fr\/#website\"\n\t            },\n\t            \"datePublished\": \"2025-10-14T14:05:53+00:00\",\n\t            \"dateModified\": \"2026-02-03T10:04:58+00:00\",\n\t            \"description\": \"D\u00e9couvrez les r\u00e9f\u00e9rences General Fittings : projets et applications dans les secteurs r\u00e9sidentiel, tertiaire et industriel.\",\n\t            \"breadcrumb\": {\n\t                \"@id\": \"https:\/\/www.generalfittings.it\/fr\/references\/#breadcrumb\"\n\t            },\n\t            \"inLanguage\": \"fr-FR\",\n\t            \"potentialAction\": [\n\t                {\n\t                    \"@type\": \"ReadAction\",\n\t                    \"target\": [\n\t                        \"https:\/\/www.generalfittings.it\/fr\/references\/\"\n\t                    ]\n\t                }\n\t            ]\n\t        },\n\t        {\n\t            \"@type\": \"BreadcrumbList\",\n\t            \"@id\": \"https:\/\/www.generalfittings.it\/fr\/references\/#breadcrumb\",\n\t            \"itemListElement\": [\n\t                {\n\t                    \"@type\": \"ListItem\",\n\t                    \"position\": 1,\n\t                    \"name\": \"Home\",\n\t                    \"item\": \"https:\/\/www.generalfittings.it\/fr\/\"\n\t                },\n\t                {\n\t                    \"@type\": \"ListItem\",\n\t                    \"position\": 2,\n\t                    \"name\": \"R\u00e9f\u00e9rences\"\n\t                }\n\t            ]\n\t        },\n\t        {\n\t            \"@type\": \"WebSite\",\n\t            \"@id\": \"https:\/\/www.generalfittings.it\/fr\/#website\",\n\t            \"url\": \"https:\/\/www.generalfittings.it\/fr\/\",\n\t            \"name\": \"General Fittings\",\n\t            \"description\": \"\",\n\t            \"publisher\": {\n\t                \"@id\": \"https:\/\/www.generalfittings.it\/fr\/#organization\"\n\t            },\n\t            \"potentialAction\": [\n\t                {\n\t                    \"@type\": \"SearchAction\",\n\t                    \"target\": {\n\t                        \"@type\": \"EntryPoint\",\n\t                        \"urlTemplate\": \"https:\/\/www.generalfittings.it\/fr\/?s={search_term_string}\"\n\t                    },\n\t                    \"query-input\": {\n\t                        \"@type\": \"PropertyValueSpecification\",\n\t                        \"valueRequired\": true,\n\t                        \"valueName\": \"search_term_string\"\n\t                    }\n\t                }\n\t            ],\n\t            \"inLanguage\": \"fr-FR\"\n\t        },\n\t        {\n\t            \"@type\": \"Organization\",\n\t            \"@id\": \"https:\/\/www.generalfittings.it\/fr\/#organization\",\n\t            \"name\": \"General Fittings\",\n\t            \"url\": \"https:\/\/www.generalfittings.it\/fr\/\",\n\t            \"logo\": {\n\t                \"@type\": \"ImageObject\",\n\t                \"inLanguage\": \"fr-FR\",\n\t                \"@id\": \"https:\/\/www.generalfittings.it\/fr\/#\/schema\/logo\/image\/\",\n\t                \"url\": \"https:\/\/www.generalfittings.it\/wp-content\/uploads\/2026\/02\/GENERALFITTINGS_LOGO.jpg\",\n\t                \"contentUrl\": \"https:\/\/www.generalfittings.it\/wp-content\/uploads\/2026\/02\/GENERALFITTINGS_LOGO.jpg\",\n\t                \"width\": 696,\n\t                \"height\": 696,\n\t                \"caption\": \"General Fittings\"\n\t            },\n\t            \"image\": {\n\t                \"@id\": \"https:\/\/www.generalfittings.it\/fr\/#\/schema\/logo\/image\/\"\n\t            }\n\t        }\n\t    ]\n\t}<\/script>\n<!-- \/ Yoast SEO plugin. -->","yoast_head_json":{"title":"R\u00e9f\u00e9rences General Fittings | Projets et applications","description":"D\u00e9couvrez les r\u00e9f\u00e9rences General Fittings : projets et applications dans les secteurs r\u00e9sidentiel, tertiaire et industriel.","robots":{"index":"index","follow":"follow","max-snippet":"max-snippet:-1","max-image-preview":"max-image-preview:large","max-video-preview":"max-video-preview:-1"},"canonical":"https:\/\/www.generalfittings.it\/fr\/references\/","og_locale":"fr_FR","og_type":"article","og_title":"R\u00e9f\u00e9rences General Fittings | Projets et applications","og_description":"D\u00e9couvrez les r\u00e9f\u00e9rences General Fittings : projets et applications dans les secteurs r\u00e9sidentiel, tertiaire et industriel.","og_url":"https:\/\/www.generalfittings.it\/fr\/references\/","og_site_name":"General Fittings","article_modified_time":"2026-02-03T10:04:58+00:00","og_image":[{"width":696,"height":696,"url":"https:\/\/www.generalfittings.it\/wp-content\/uploads\/2026\/02\/GENERALFITTINGS_LOGO.jpg","type":"image\/jpeg"}],"twitter_card":"summary_large_image","twitter_misc":{"Dur\u00e9e de lecture estim\u00e9e":"1 minute"},"schema":{"@context":"https:\/\/schema.org","@graph":[{"@type":"WebPage","@id":"https:\/\/www.generalfittings.it\/fr\/references\/","url":"https:\/\/www.generalfittings.it\/fr\/references\/","name":"R\u00e9f\u00e9rences General Fittings | Projets et applications","isPartOf":{"@id":"https:\/\/www.generalfittings.it\/fr\/#website"},"datePublished":"2025-10-14T14:05:53+00:00","dateModified":"2026-02-03T10:04:58+00:00","description":"D\u00e9couvrez les r\u00e9f\u00e9rences General Fittings : projets et applications dans les secteurs r\u00e9sidentiel, tertiaire et industriel.","breadcrumb":{"@id":"https:\/\/www.generalfittings.it\/fr\/references\/#breadcrumb"},"inLanguage":"fr-FR","potentialAction":[{"@type":"ReadAction","target":["https:\/\/www.generalfittings.it\/fr\/references\/"]}]},{"@type":"BreadcrumbList","@id":"https:\/\/www.generalfittings.it\/fr\/references\/#breadcrumb","itemListElement":[{"@type":"ListItem","position":1,"name":"Home","item":"https:\/\/www.generalfittings.it\/fr\/"},{"@type":"ListItem","position":2,"name":"R\u00e9f\u00e9rences"}]},{"@type":"WebSite","@id":"https:\/\/www.generalfittings.it\/fr\/#website","url":"https:\/\/www.generalfittings.it\/fr\/","name":"General Fittings","description":"","publisher":{"@id":"https:\/\/www.generalfittings.it\/fr\/#organization"},"potentialAction":[{"@type":"SearchAction","target":{"@type":"EntryPoint","urlTemplate":"https:\/\/www.generalfittings.it\/fr\/?s={search_term_string}"},"query-input":{"@type":"PropertyValueSpecification","valueRequired":true,"valueName":"search_term_string"}}],"inLanguage":"fr-FR"},{"@type":"Organization","@id":"https:\/\/www.generalfittings.it\/fr\/#organization","name":"General Fittings","url":"https:\/\/www.generalfittings.it\/fr\/","logo":{"@type":"ImageObject","inLanguage":"fr-FR","@id":"https:\/\/www.generalfittings.it\/fr\/#\/schema\/logo\/image\/","url":"https:\/\/www.generalfittings.it\/wp-content\/uploads\/2026\/02\/GENERALFITTINGS_LOGO.jpg","contentUrl":"https:\/\/www.generalfittings.it\/wp-content\/uploads\/2026\/02\/GENERALFITTINGS_LOGO.jpg","width":696,"height":696,"caption":"General Fittings"},"image":{"@id":"https:\/\/www.generalfittings.it\/fr\/#\/schema\/logo\/image\/"}}]}},"_links":{"self":[{"href":"https:\/\/www.generalfittings.it\/fr\/wp-json\/wp\/v2\/pages\/11423","targetHints":{"allow":["GET"]}}],"collection":[{"href":"https:\/\/www.generalfittings.it\/fr\/wp-json\/wp\/v2\/pages"}],"about":[{"href":"https:\/\/www.generalfittings.it\/fr\/wp-json\/wp\/v2\/types\/page"}],"author":[{"embeddable":true,"href":"https:\/\/www.generalfittings.it\/fr\/wp-json\/wp\/v2\/users\/2"}],"replies":[{"embeddable":true,"href":"https:\/\/www.generalfittings.it\/fr\/wp-json\/wp\/v2\/comments?post=11423"}],"version-history":[{"count":1,"href":"https:\/\/www.generalfittings.it\/fr\/wp-json\/wp\/v2\/pages\/11423\/revisions"}],"predecessor-version":[{"id":11425,"href":"https:\/\/www.generalfittings.it\/fr\/wp-json\/wp\/v2\/pages\/11423\/revisions\/11425"}],"wp:attachment":[{"href":"https:\/\/www.generalfittings.it\/fr\/wp-json\/wp\/v2\/media?parent=11423"}],"curies":[{"name":"wp","href":"https:\/\/api.w.org\/{rel}","templated":true}]}}