{"id":10866,"date":"2026-01-13T16:11:41","date_gmt":"2026-01-13T15:11:41","guid":{"rendered":"https:\/\/www.generalfittings.it\/cookie-policy\/"},"modified":"2026-02-03T10:56:59","modified_gmt":"2026-02-03T09:56:59","slug":"cookie-policy","status":"publish","type":"page","link":"https:\/\/www.generalfittings.it\/fr\/cookie-policy\/","title":{"rendered":"Cookie policy"},"content":{"rendered":"<p><strong>INFORMATION ABOUT COOKIES<\/strong><\/p>\n<p><em>What is a cookie?<\/em><br \/>\nA cookie is a small text file that is stored by the computer when a website is visited by a user. The text stores information that the site is able to read in the moment in which it is seen at a later time. Some of these cookies are necessary to the site to work properly, while others are useful to the visitor because they can safely store such as user name or language settings. The advantage of having the cookies installed in your pc is that you no longer need to fill out the same information every time you want to access a site you visited before.<\/p>\n<p><em>Why does\u00a0<\/em>General Fittings SpA\u00a0<em>use cookies?<\/em><br \/>\n<strong>General Fittings SpA<\/strong>\u00a0uses cookies to provide its customers with a customized web experience and allow them to visit again a website without having to enter each time the same information. Cookies are also used to optimize the website performance: in fact they make easier the process of product searching within the site. In order to protect personal data against loss and any form of unlawful processing General Fittings SpA has taken appropriate technical and organizational measures.<\/p>\n<p><em>First-party cookies<\/em><br \/>\nFirst-party cookies are generated by the manager of the site the user is browsing. This category include technical and performance cookies. Technical cookies are used for the transmission of session identifiers (consisting of random numbers generated by the server), which allow a safe and efficient navigation of the website; Performance cookies are used for statistical purposes, for the detection of unique users, viewed or downloaded content etc. Google Analytics, for example, works using this type of cookies. Data are stored anonymously and used as an aggregate. To disable Google Analytics cookies, you can use a special tool made available by Google itself. To install,\u00a0<a href=\"https:\/\/tools.google.com\/dlpage\/gaoptout?hl=en\">click here<\/a>.<\/p>\n<p><em>Third-party cookies<\/em><br \/>\nThird-party cookies, such as that are generated by the \u00ab\u00a0Like\u00a0\u00bb button in Facebook, are generated and used by a different party from the manager of the site on which the user is browsing, based on agreements between the website owner and a third party. Some advertisers use these cookies to track your visits on sites where they offer their services.<\/p>\n<p><em>How can I disable cookies?<\/em><br \/>\nYou can easily modify browser settings to turn off cookies. Warning: when you disable cookies your username and password will be no longer stored on the login box of the site.<\/p>\n<p><strong>Firefox:<\/strong><\/p>\n<ol>\n<li>Open Firefox<\/li>\n<li>Press the \u00ab\u00a0Alt\u00a0\u00bb key.<\/li>\n<li>In the toolbar at the top of the browser, X \u00ab\u00a0Tools\u00a0\u00bb and then \u00ab\u00a0Options.\u00a0\u00bb<\/li>\n<li>Then X the \u00ab\u00a0Privacy\u00a0\u00bb tab.<\/li>\n<li>Go to \u00ab\u00a0Cronology Settings\u00a0\u00bb and then click \u00ab\u00a0Custom Settings\u00a0\u00bb. Uncheck \u00ab\u00a0Accept cookies from sites\u00a0\u00bb and save your preferences.<\/li>\n<\/ol>\n<p><strong>Internet Explorer:<\/strong><\/p>\n<ol>\n<li>Open Internet Explorer.<\/li>\n<li>Click on \u00ab\u00a0Tools\u00a0\u00bb then \u00ab\u00a0Internet Options.\u00a0\u00bb<\/li>\n<li>X the \u00ab\u00a0Privacy\u00a0\u00bb tab and choose the privacy level you want (move the slider up to block all cookies, or down to allow them all).<\/li>\n<li>Then click OK.<\/li>\n<\/ol>\n<p><strong>Google Chrome:<\/strong><\/p>\n<ol>\n<li>Open Google Chrome.<\/li>\n<li>Click on \u00ab\u00a0Tools.\u00a0\u00bb<\/li>\n<li>X \u00ab\u00a0Settings\u00a0\u00bb and then \u00ab\u00a0Advanced Settings\u00a0\u00bb.<\/li>\n<li>X \u00ab\u00a0Content settings\u00a0\u00bb under \u00ab\u00a0Privacy\u00a0\u00bb.<\/li>\n<li>In \u00ab\u00a0Cookies and Site Data\u00a0\u00bb you can search and delete specific cookies.<\/li>\n<\/ol>\n<p>or<\/p>\n<ol>\n<li>Type\u00a0<em>chrome:\/\/settings\/cookies<\/em>\u00a0in the address bar and press\u00a0<em>Enter key<\/em>.<\/li>\n<li>You will access to \u00ab\u00a0Cookie and Site Data\u00a0\u00bb where you can search and delete specific cookies.<\/li>\n<\/ol>\n<p><strong>Safari:<\/strong><\/p>\n<ol>\n<li>Open Safari.<\/li>\n<li>X \u00ab\u00a0Preferences\u00a0\u00bb in the toolbar, and then X the panel \u00ab\u00a0Security\u00a0\u00bb in the following dialog box.<\/li>\n<li>In the \u00ab\u00a0Accept Cookies\u00a0\u00bb section you can specify if and when Safari should save cookies from websites. For more information click on the Help button (marked with a question mark).<\/li>\n<li>For more information on cookies that are stored on your computer, click on \u00ab\u00a0Show Cookies.\u00a0\u00bb<\/li>\n<\/ol>\n<p>COMPULSORY\/VOLUNTARY PROVISION OF DATA<\/p>\n<p>Personal data is provided voluntarily.<\/p>\n<p>However, the refusal of the interested party to provide personal data will make it impossible for the data controller to send commercial offers and information on the company&rsquo;s activity.<\/p>\n<p>DATA PROCESSING PROCEDURES<\/p>\n<p>Personal data are processed by computerised means for the time necessary to realise the purposes for which they were collected. Specific security measures are observed in order to prevent the loss of data, unlawful or incorrect use and unauthorised access.<\/p>\n<p>RIGHTS OF THE INTERESTED PARTY<\/p>\n<p>The interested party has the right to obtain confirmation of the existence of his\/her personal data, and of their communication, in an intelligible manner.<\/p>\n<p>The interested party has the right to know the content and the origin of the personal data.<\/p>\n<p>The interested party furthermore has the right to demand:<\/p>\n<ol>\n<li>a) the updating, amendment, or, where he\/she has an interest in it, the integration of the data;<\/li>\n<li>b) the deletion, anonymization or blocking of unlawfully processed data, including data that does not need to be retained for the purposes for which it was collected or subsequently processed;<\/li>\n<li>c) confirmation that those to whom the data is communicated or disclosed are notified of the actions referred to under points (a) and (b), including their content, unless the fulfilment thereof proves impossible or involves the use of means that are clearly disproportionate to the right being protected.<\/li>\n<\/ol>\n<p>The interested party has the right to oppose, in whole or in part:<\/p>\n<ol>\n<li>a) on legitimate grounds, the processing of his\/her personal data, even if the data is relevant for the purpose of their collection;<\/li>\n<li>b) the processing of their personal data for the purpose of sending advertising material or for direct sales, or for conducting market research or commercial communications.<\/li>\n<\/ol>\n<p>In any case, the interested party remains free, at any time, to revoke consent by sending an informal notice to that effect to General Fittings SpA, at <a href=\"mailto:info@generalfittings.it\">info@generalfittings.it<\/a> .<\/p>\n<div>\n<div><script id=\"CookieDeclaration\" src=\"https:\/\/consent.cookiebot.com\/13f89edd-bbb2-4131-8b18-bbde5b6c4b4c\/cd.js\" type=\"text\/javascript\" async><\/script><\/div>\n<\/div>\n","protected":false},"excerpt":{"rendered":"<p>INFORMATION ABOUT COOKIES What is a cookie? A cookie is a small text file that is stored by the computer when a website is visited by a user. The text stores information that the site is able to read in the moment in which it is seen at a later time. Some of these cookies [&hellip;]<\/p>\n","protected":false},"author":3,"featured_media":0,"parent":0,"menu_order":0,"comment_status":"closed","ping_status":"closed","template":"","meta":{"_acf_changed":false,"footnotes":""},"class_list":["post-10866","page","type-page","status-publish","hentry"],"acf":[],"yoast_head":"<!-- This site is optimized with the Yoast SEO plugin v26.9 - https:\/\/yoast.com\/product\/yoast-seo-wordpress\/ -->\n<title>Politique de cookies | Informations cookies General Fittings<\/title>\n<meta name=\"description\" content=\"Consultez la politique de cookies de General Fittings, d\u00e9couvrez l\u2019utilisation des cookies, leurs finalit\u00e9s et la gestion de vos pr\u00e9f\u00e9rences.\" \/>\n<meta name=\"robots\" content=\"index, follow, max-snippet:-1, max-image-preview:large, max-video-preview:-1\" \/>\n<link rel=\"canonical\" href=\"https:\/\/www.generalfittings.it\/fr\/cookie-policy\/\" \/>\n<meta property=\"og:locale\" content=\"fr_FR\" \/>\n<meta property=\"og:type\" content=\"article\" \/>\n<meta property=\"og:title\" content=\"Politique de cookies | Informations cookies General Fittings\" \/>\n<meta property=\"og:description\" content=\"Consultez la politique de cookies de General Fittings, d\u00e9couvrez l\u2019utilisation des cookies, leurs finalit\u00e9s et la gestion de vos pr\u00e9f\u00e9rences.\" \/>\n<meta property=\"og:url\" content=\"https:\/\/www.generalfittings.it\/fr\/cookie-policy\/\" \/>\n<meta property=\"og:site_name\" content=\"General Fittings\" \/>\n<meta property=\"article:modified_time\" content=\"2026-02-03T09:56:59+00:00\" \/>\n<meta property=\"og:image\" content=\"https:\/\/www.generalfittings.it\/wp-content\/uploads\/2026\/02\/GENERALFITTINGS_LOGO.jpg\" \/>\n\t<meta property=\"og:image:width\" content=\"696\" \/>\n\t<meta property=\"og:image:height\" content=\"696\" \/>\n\t<meta property=\"og:image:type\" content=\"image\/jpeg\" \/>\n<meta name=\"twitter:card\" content=\"summary_large_image\" \/>\n<meta name=\"twitter:label1\" content=\"Dur\u00e9e de lecture estim\u00e9e\" \/>\n\t<meta name=\"twitter:data1\" content=\"5 minutes\" \/>\n<script type=\"application\/ld+json\" class=\"yoast-schema-graph\">{\n\t    \"@context\": \"https:\/\/schema.org\",\n\t    \"@graph\": [\n\t        {\n\t            \"@type\": \"WebPage\",\n\t            \"@id\": \"https:\/\/www.generalfittings.it\/fr\/cookie-policy\/\",\n\t            \"url\": \"https:\/\/www.generalfittings.it\/fr\/cookie-policy\/\",\n\t            \"name\": \"Politique de cookies | Informations cookies General Fittings\",\n\t            \"isPartOf\": {\n\t                \"@id\": \"https:\/\/www.generalfittings.it\/fr\/#website\"\n\t            },\n\t            \"datePublished\": \"2026-01-13T15:11:41+00:00\",\n\t            \"dateModified\": \"2026-02-03T09:56:59+00:00\",\n\t            \"description\": \"Consultez la politique de cookies de General Fittings, d\u00e9couvrez l\u2019utilisation des cookies, leurs finalit\u00e9s et la gestion de vos pr\u00e9f\u00e9rences.\",\n\t            \"breadcrumb\": {\n\t                \"@id\": \"https:\/\/www.generalfittings.it\/fr\/cookie-policy\/#breadcrumb\"\n\t            },\n\t            \"inLanguage\": \"fr-FR\",\n\t            \"potentialAction\": [\n\t                {\n\t                    \"@type\": \"ReadAction\",\n\t                    \"target\": [\n\t                        \"https:\/\/www.generalfittings.it\/fr\/cookie-policy\/\"\n\t                    ]\n\t                }\n\t            ]\n\t        },\n\t        {\n\t            \"@type\": \"BreadcrumbList\",\n\t            \"@id\": \"https:\/\/www.generalfittings.it\/fr\/cookie-policy\/#breadcrumb\",\n\t            \"itemListElement\": [\n\t                {\n\t                    \"@type\": \"ListItem\",\n\t                    \"position\": 1,\n\t                    \"name\": \"Home\",\n\t                    \"item\": \"https:\/\/www.generalfittings.it\/fr\/\"\n\t                },\n\t                {\n\t                    \"@type\": \"ListItem\",\n\t                    \"position\": 2,\n\t                    \"name\": \"Cookie policy\"\n\t                }\n\t            ]\n\t        },\n\t        {\n\t            \"@type\": \"WebSite\",\n\t            \"@id\": \"https:\/\/www.generalfittings.it\/fr\/#website\",\n\t            \"url\": \"https:\/\/www.generalfittings.it\/fr\/\",\n\t            \"name\": \"General Fittings\",\n\t            \"description\": \"\",\n\t            \"publisher\": {\n\t                \"@id\": \"https:\/\/www.generalfittings.it\/fr\/#organization\"\n\t            },\n\t            \"potentialAction\": [\n\t                {\n\t                    \"@type\": \"SearchAction\",\n\t                    \"target\": {\n\t                        \"@type\": \"EntryPoint\",\n\t                        \"urlTemplate\": \"https:\/\/www.generalfittings.it\/fr\/?s={search_term_string}\"\n\t                    },\n\t                    \"query-input\": {\n\t                        \"@type\": \"PropertyValueSpecification\",\n\t                        \"valueRequired\": true,\n\t                        \"valueName\": \"search_term_string\"\n\t                    }\n\t                }\n\t            ],\n\t            \"inLanguage\": \"fr-FR\"\n\t        },\n\t        {\n\t            \"@type\": \"Organization\",\n\t            \"@id\": \"https:\/\/www.generalfittings.it\/fr\/#organization\",\n\t            \"name\": \"General Fittings\",\n\t            \"url\": \"https:\/\/www.generalfittings.it\/fr\/\",\n\t            \"logo\": {\n\t                \"@type\": \"ImageObject\",\n\t                \"inLanguage\": \"fr-FR\",\n\t                \"@id\": \"https:\/\/www.generalfittings.it\/fr\/#\/schema\/logo\/image\/\",\n\t                \"url\": \"https:\/\/www.generalfittings.it\/wp-content\/uploads\/2026\/02\/GENERALFITTINGS_LOGO.jpg\",\n\t                \"contentUrl\": \"https:\/\/www.generalfittings.it\/wp-content\/uploads\/2026\/02\/GENERALFITTINGS_LOGO.jpg\",\n\t                \"width\": 696,\n\t                \"height\": 696,\n\t                \"caption\": \"General Fittings\"\n\t            },\n\t            \"image\": {\n\t                \"@id\": \"https:\/\/www.generalfittings.it\/fr\/#\/schema\/logo\/image\/\"\n\t            }\n\t        }\n\t    ]\n\t}<\/script>\n<!-- \/ Yoast SEO plugin. -->","yoast_head_json":{"title":"Politique de cookies | Informations cookies General Fittings","description":"Consultez la politique de cookies de General Fittings, d\u00e9couvrez l\u2019utilisation des cookies, leurs finalit\u00e9s et la gestion de vos pr\u00e9f\u00e9rences.","robots":{"index":"index","follow":"follow","max-snippet":"max-snippet:-1","max-image-preview":"max-image-preview:large","max-video-preview":"max-video-preview:-1"},"canonical":"https:\/\/www.generalfittings.it\/fr\/cookie-policy\/","og_locale":"fr_FR","og_type":"article","og_title":"Politique de cookies | Informations cookies General Fittings","og_description":"Consultez la politique de cookies de General Fittings, d\u00e9couvrez l\u2019utilisation des cookies, leurs finalit\u00e9s et la gestion de vos pr\u00e9f\u00e9rences.","og_url":"https:\/\/www.generalfittings.it\/fr\/cookie-policy\/","og_site_name":"General Fittings","article_modified_time":"2026-02-03T09:56:59+00:00","og_image":[{"width":696,"height":696,"url":"https:\/\/www.generalfittings.it\/wp-content\/uploads\/2026\/02\/GENERALFITTINGS_LOGO.jpg","type":"image\/jpeg"}],"twitter_card":"summary_large_image","twitter_misc":{"Dur\u00e9e de lecture estim\u00e9e":"5 minutes"},"schema":{"@context":"https:\/\/schema.org","@graph":[{"@type":"WebPage","@id":"https:\/\/www.generalfittings.it\/fr\/cookie-policy\/","url":"https:\/\/www.generalfittings.it\/fr\/cookie-policy\/","name":"Politique de cookies | Informations cookies General Fittings","isPartOf":{"@id":"https:\/\/www.generalfittings.it\/fr\/#website"},"datePublished":"2026-01-13T15:11:41+00:00","dateModified":"2026-02-03T09:56:59+00:00","description":"Consultez la politique de cookies de General Fittings, d\u00e9couvrez l\u2019utilisation des cookies, leurs finalit\u00e9s et la gestion de vos pr\u00e9f\u00e9rences.","breadcrumb":{"@id":"https:\/\/www.generalfittings.it\/fr\/cookie-policy\/#breadcrumb"},"inLanguage":"fr-FR","potentialAction":[{"@type":"ReadAction","target":["https:\/\/www.generalfittings.it\/fr\/cookie-policy\/"]}]},{"@type":"BreadcrumbList","@id":"https:\/\/www.generalfittings.it\/fr\/cookie-policy\/#breadcrumb","itemListElement":[{"@type":"ListItem","position":1,"name":"Home","item":"https:\/\/www.generalfittings.it\/fr\/"},{"@type":"ListItem","position":2,"name":"Cookie policy"}]},{"@type":"WebSite","@id":"https:\/\/www.generalfittings.it\/fr\/#website","url":"https:\/\/www.generalfittings.it\/fr\/","name":"General Fittings","description":"","publisher":{"@id":"https:\/\/www.generalfittings.it\/fr\/#organization"},"potentialAction":[{"@type":"SearchAction","target":{"@type":"EntryPoint","urlTemplate":"https:\/\/www.generalfittings.it\/fr\/?s={search_term_string}"},"query-input":{"@type":"PropertyValueSpecification","valueRequired":true,"valueName":"search_term_string"}}],"inLanguage":"fr-FR"},{"@type":"Organization","@id":"https:\/\/www.generalfittings.it\/fr\/#organization","name":"General Fittings","url":"https:\/\/www.generalfittings.it\/fr\/","logo":{"@type":"ImageObject","inLanguage":"fr-FR","@id":"https:\/\/www.generalfittings.it\/fr\/#\/schema\/logo\/image\/","url":"https:\/\/www.generalfittings.it\/wp-content\/uploads\/2026\/02\/GENERALFITTINGS_LOGO.jpg","contentUrl":"https:\/\/www.generalfittings.it\/wp-content\/uploads\/2026\/02\/GENERALFITTINGS_LOGO.jpg","width":696,"height":696,"caption":"General Fittings"},"image":{"@id":"https:\/\/www.generalfittings.it\/fr\/#\/schema\/logo\/image\/"}}]}},"_links":{"self":[{"href":"https:\/\/www.generalfittings.it\/fr\/wp-json\/wp\/v2\/pages\/10866","targetHints":{"allow":["GET"]}}],"collection":[{"href":"https:\/\/www.generalfittings.it\/fr\/wp-json\/wp\/v2\/pages"}],"about":[{"href":"https:\/\/www.generalfittings.it\/fr\/wp-json\/wp\/v2\/types\/page"}],"author":[{"embeddable":true,"href":"https:\/\/www.generalfittings.it\/fr\/wp-json\/wp\/v2\/users\/3"}],"replies":[{"embeddable":true,"href":"https:\/\/www.generalfittings.it\/fr\/wp-json\/wp\/v2\/comments?post=10866"}],"version-history":[{"count":1,"href":"https:\/\/www.generalfittings.it\/fr\/wp-json\/wp\/v2\/pages\/10866\/revisions"}],"predecessor-version":[{"id":13830,"href":"https:\/\/www.generalfittings.it\/fr\/wp-json\/wp\/v2\/pages\/10866\/revisions\/13830"}],"wp:attachment":[{"href":"https:\/\/www.generalfittings.it\/fr\/wp-json\/wp\/v2\/media?parent=10866"}],"curies":[{"name":"wp","href":"https:\/\/api.w.org\/{rel}","templated":true}]}}