{"id":9190,"date":"2025-12-16T11:23:40","date_gmt":"2025-12-16T10:23:40","guid":{"rendered":"https:\/\/www.generalfittings.it\/area-riservata-registrazione\/"},"modified":"2026-02-04T07:43:33","modified_gmt":"2026-02-04T06:43:33","slug":"area-privada-registro","status":"publish","type":"page","link":"https:\/\/www.generalfittings.it\/es\/area-privada-registro\/","title":{"rendered":"\u00c1rea privada &#8211; Registro"},"content":{"rendered":"","protected":false},"excerpt":{"rendered":"","protected":false},"author":2,"featured_media":0,"parent":0,"menu_order":20,"comment_status":"closed","ping_status":"closed","template":"templates\/tpl-reserved-area-registration.php","meta":{"_acf_changed":false,"footnotes":""},"class_list":["post-9190","page","type-page","status-publish","hentry"],"acf":[],"yoast_head":"<!-- This site is optimized with the Yoast SEO plugin v26.9 - https:\/\/yoast.com\/product\/yoast-seo-wordpress\/ -->\n<title>\u00c1rea reservada General Fittings | Registro y acceso<\/title>\n<meta name=\"description\" content=\"Accede al \u00e1rea reservada de General Fittings para registrarte o iniciar sesi\u00f3n y consultar documentaci\u00f3n t\u00e9cnica, materiales y servicios.\" \/>\n<meta name=\"robots\" content=\"index, follow, max-snippet:-1, max-image-preview:large, max-video-preview:-1\" \/>\n<link rel=\"canonical\" href=\"https:\/\/www.generalfittings.it\/es\/area-privada-registro\/\" \/>\n<meta property=\"og:locale\" content=\"es_ES\" \/>\n<meta property=\"og:type\" content=\"article\" \/>\n<meta property=\"og:title\" content=\"\u00c1rea reservada General Fittings | Registro y acceso\" \/>\n<meta property=\"og:description\" content=\"Accede al \u00e1rea reservada de General Fittings para registrarte o iniciar sesi\u00f3n y consultar documentaci\u00f3n t\u00e9cnica, materiales y servicios.\" \/>\n<meta property=\"og:url\" content=\"https:\/\/www.generalfittings.it\/es\/area-privada-registro\/\" \/>\n<meta property=\"og:site_name\" content=\"General Fittings\" \/>\n<meta property=\"article:modified_time\" content=\"2026-02-04T06:43:33+00:00\" \/>\n<meta property=\"og:image\" content=\"https:\/\/www.generalfittings.it\/wp-content\/uploads\/2026\/02\/GENERALFITTINGS_LOGO.jpg\" \/>\n\t<meta property=\"og:image:width\" content=\"696\" \/>\n\t<meta property=\"og:image:height\" content=\"696\" \/>\n\t<meta property=\"og:image:type\" content=\"image\/jpeg\" \/>\n<meta name=\"twitter:card\" content=\"summary_large_image\" \/>\n<script type=\"application\/ld+json\" class=\"yoast-schema-graph\">{\n\t    \"@context\": \"https:\/\/schema.org\",\n\t    \"@graph\": [\n\t        {\n\t            \"@type\": \"WebPage\",\n\t            \"@id\": \"https:\/\/www.generalfittings.it\/es\/area-privada-registro\/\",\n\t            \"url\": \"https:\/\/www.generalfittings.it\/es\/area-privada-registro\/\",\n\t            \"name\": \"\u00c1rea reservada General Fittings | Registro y acceso\",\n\t            \"isPartOf\": {\n\t                \"@id\": \"https:\/\/www.generalfittings.it\/es\/#website\"\n\t            },\n\t            \"datePublished\": \"2025-12-16T10:23:40+00:00\",\n\t            \"dateModified\": \"2026-02-04T06:43:33+00:00\",\n\t            \"description\": \"Accede al \u00e1rea reservada de General Fittings para registrarte o iniciar sesi\u00f3n y consultar documentaci\u00f3n t\u00e9cnica, materiales y servicios.\",\n\t            \"breadcrumb\": {\n\t                \"@id\": \"https:\/\/www.generalfittings.it\/es\/area-privada-registro\/#breadcrumb\"\n\t            },\n\t            \"inLanguage\": \"es-ES\",\n\t            \"potentialAction\": [\n\t                {\n\t                    \"@type\": \"ReadAction\",\n\t                    \"target\": [\n\t                        \"https:\/\/www.generalfittings.it\/es\/area-privada-registro\/\"\n\t                    ]\n\t                }\n\t            ]\n\t        },\n\t        {\n\t            \"@type\": \"BreadcrumbList\",\n\t            \"@id\": \"https:\/\/www.generalfittings.it\/es\/area-privada-registro\/#breadcrumb\",\n\t            \"itemListElement\": [\n\t                {\n\t                    \"@type\": \"ListItem\",\n\t                    \"position\": 1,\n\t                    \"name\": \"Home\",\n\t                    \"item\": \"https:\/\/www.generalfittings.it\/es\/\"\n\t                },\n\t                {\n\t                    \"@type\": \"ListItem\",\n\t                    \"position\": 2,\n\t                    \"name\": \"\u00c1rea privada &#8211; Registro\"\n\t                }\n\t            ]\n\t        },\n\t        {\n\t            \"@type\": \"WebSite\",\n\t            \"@id\": \"https:\/\/www.generalfittings.it\/es\/#website\",\n\t            \"url\": \"https:\/\/www.generalfittings.it\/es\/\",\n\t            \"name\": \"General Fittings\",\n\t            \"description\": \"\",\n\t            \"publisher\": {\n\t                \"@id\": \"https:\/\/www.generalfittings.it\/es\/#organization\"\n\t            },\n\t            \"potentialAction\": [\n\t                {\n\t                    \"@type\": \"SearchAction\",\n\t                    \"target\": {\n\t                        \"@type\": \"EntryPoint\",\n\t                        \"urlTemplate\": \"https:\/\/www.generalfittings.it\/es\/?s={search_term_string}\"\n\t                    },\n\t                    \"query-input\": {\n\t                        \"@type\": \"PropertyValueSpecification\",\n\t                        \"valueRequired\": true,\n\t                        \"valueName\": \"search_term_string\"\n\t                    }\n\t                }\n\t            ],\n\t            \"inLanguage\": \"es-ES\"\n\t        },\n\t        {\n\t            \"@type\": \"Organization\",\n\t            \"@id\": \"https:\/\/www.generalfittings.it\/es\/#organization\",\n\t            \"name\": \"General Fittings\",\n\t            \"url\": \"https:\/\/www.generalfittings.it\/es\/\",\n\t            \"logo\": {\n\t                \"@type\": \"ImageObject\",\n\t                \"inLanguage\": \"es-ES\",\n\t                \"@id\": \"https:\/\/www.generalfittings.it\/es\/#\/schema\/logo\/image\/\",\n\t                \"url\": \"https:\/\/www.generalfittings.it\/wp-content\/uploads\/2026\/02\/GENERALFITTINGS_LOGO.jpg\",\n\t                \"contentUrl\": \"https:\/\/www.generalfittings.it\/wp-content\/uploads\/2026\/02\/GENERALFITTINGS_LOGO.jpg\",\n\t                \"width\": 696,\n\t                \"height\": 696,\n\t                \"caption\": \"General Fittings\"\n\t            },\n\t            \"image\": {\n\t                \"@id\": \"https:\/\/www.generalfittings.it\/es\/#\/schema\/logo\/image\/\"\n\t            }\n\t        }\n\t    ]\n\t}<\/script>\n<!-- \/ Yoast SEO plugin. -->","yoast_head_json":{"title":"\u00c1rea reservada General Fittings | Registro y acceso","description":"Accede al \u00e1rea reservada de General Fittings para registrarte o iniciar sesi\u00f3n y consultar documentaci\u00f3n t\u00e9cnica, materiales y servicios.","robots":{"index":"index","follow":"follow","max-snippet":"max-snippet:-1","max-image-preview":"max-image-preview:large","max-video-preview":"max-video-preview:-1"},"canonical":"https:\/\/www.generalfittings.it\/es\/area-privada-registro\/","og_locale":"es_ES","og_type":"article","og_title":"\u00c1rea reservada General Fittings | Registro y acceso","og_description":"Accede al \u00e1rea reservada de General Fittings para registrarte o iniciar sesi\u00f3n y consultar documentaci\u00f3n t\u00e9cnica, materiales y servicios.","og_url":"https:\/\/www.generalfittings.it\/es\/area-privada-registro\/","og_site_name":"General Fittings","article_modified_time":"2026-02-04T06:43:33+00:00","og_image":[{"width":696,"height":696,"url":"https:\/\/www.generalfittings.it\/wp-content\/uploads\/2026\/02\/GENERALFITTINGS_LOGO.jpg","type":"image\/jpeg"}],"twitter_card":"summary_large_image","schema":{"@context":"https:\/\/schema.org","@graph":[{"@type":"WebPage","@id":"https:\/\/www.generalfittings.it\/es\/area-privada-registro\/","url":"https:\/\/www.generalfittings.it\/es\/area-privada-registro\/","name":"\u00c1rea reservada General Fittings | Registro y acceso","isPartOf":{"@id":"https:\/\/www.generalfittings.it\/es\/#website"},"datePublished":"2025-12-16T10:23:40+00:00","dateModified":"2026-02-04T06:43:33+00:00","description":"Accede al \u00e1rea reservada de General Fittings para registrarte o iniciar sesi\u00f3n y consultar documentaci\u00f3n t\u00e9cnica, materiales y servicios.","breadcrumb":{"@id":"https:\/\/www.generalfittings.it\/es\/area-privada-registro\/#breadcrumb"},"inLanguage":"es-ES","potentialAction":[{"@type":"ReadAction","target":["https:\/\/www.generalfittings.it\/es\/area-privada-registro\/"]}]},{"@type":"BreadcrumbList","@id":"https:\/\/www.generalfittings.it\/es\/area-privada-registro\/#breadcrumb","itemListElement":[{"@type":"ListItem","position":1,"name":"Home","item":"https:\/\/www.generalfittings.it\/es\/"},{"@type":"ListItem","position":2,"name":"\u00c1rea privada &#8211; Registro"}]},{"@type":"WebSite","@id":"https:\/\/www.generalfittings.it\/es\/#website","url":"https:\/\/www.generalfittings.it\/es\/","name":"General Fittings","description":"","publisher":{"@id":"https:\/\/www.generalfittings.it\/es\/#organization"},"potentialAction":[{"@type":"SearchAction","target":{"@type":"EntryPoint","urlTemplate":"https:\/\/www.generalfittings.it\/es\/?s={search_term_string}"},"query-input":{"@type":"PropertyValueSpecification","valueRequired":true,"valueName":"search_term_string"}}],"inLanguage":"es-ES"},{"@type":"Organization","@id":"https:\/\/www.generalfittings.it\/es\/#organization","name":"General Fittings","url":"https:\/\/www.generalfittings.it\/es\/","logo":{"@type":"ImageObject","inLanguage":"es-ES","@id":"https:\/\/www.generalfittings.it\/es\/#\/schema\/logo\/image\/","url":"https:\/\/www.generalfittings.it\/wp-content\/uploads\/2026\/02\/GENERALFITTINGS_LOGO.jpg","contentUrl":"https:\/\/www.generalfittings.it\/wp-content\/uploads\/2026\/02\/GENERALFITTINGS_LOGO.jpg","width":696,"height":696,"caption":"General Fittings"},"image":{"@id":"https:\/\/www.generalfittings.it\/es\/#\/schema\/logo\/image\/"}}]}},"_links":{"self":[{"href":"https:\/\/www.generalfittings.it\/es\/wp-json\/wp\/v2\/pages\/9190","targetHints":{"allow":["GET"]}}],"collection":[{"href":"https:\/\/www.generalfittings.it\/es\/wp-json\/wp\/v2\/pages"}],"about":[{"href":"https:\/\/www.generalfittings.it\/es\/wp-json\/wp\/v2\/types\/page"}],"author":[{"embeddable":true,"href":"https:\/\/www.generalfittings.it\/es\/wp-json\/wp\/v2\/users\/2"}],"replies":[{"embeddable":true,"href":"https:\/\/www.generalfittings.it\/es\/wp-json\/wp\/v2\/comments?post=9190"}],"version-history":[{"count":1,"href":"https:\/\/www.generalfittings.it\/es\/wp-json\/wp\/v2\/pages\/9190\/revisions"}],"predecessor-version":[{"id":9191,"href":"https:\/\/www.generalfittings.it\/es\/wp-json\/wp\/v2\/pages\/9190\/revisions\/9191"}],"wp:attachment":[{"href":"https:\/\/www.generalfittings.it\/es\/wp-json\/wp\/v2\/media?parent=9190"}],"curies":[{"name":"wp","href":"https:\/\/api.w.org\/{rel}","templated":true}]}}