{"id":7199,"date":"2025-12-01T12:55:06","date_gmt":"2025-12-01T11:55:06","guid":{"rendered":"https:\/\/www.generalfittings.it\/lavora-con-noi\/"},"modified":"2026-02-03T13:07:13","modified_gmt":"2026-02-03T12:07:13","slug":"karriere","status":"publish","type":"page","link":"https:\/\/www.generalfittings.it\/de\/karriere\/","title":{"rendered":"Karriere"},"content":{"rendered":"<p>Bei General Fittings glauben wir, dass der wahre Wert eines Unternehmens von den <strong>Menschen geschaffen wird, die es jeden Tag voranbringen<\/strong>.<br \/>\nWir suchen motivierte, kompetente Fachkr\u00e4fte, die bereit sind, sich in einem soliden, innovativen Industrieumfeld, <strong>100\u202f% Made in Italy<\/strong>, einzubringen<\/p>\n<p>Auch ohne aktuelle Stellenangebote k\u00f6nnen Sie <strong>eine Initiativbewerbung senden<\/strong>, indem Sie das Formular ausf\u00fcllen und Ihren <strong>Lebenslauf<\/strong> anh\u00e4ngen. Wir pr\u00fcfen jedes Profil sorgf\u00e4ltig im Hinblick auf die Werte und Anforderungen des Unternehmens.<\/p>\n","protected":false},"excerpt":{"rendered":"<p>Bei General Fittings glauben wir, dass der wahre Wert eines Unternehmens von den Menschen geschaffen wird, die es jeden Tag voranbringen. Wir suchen motivierte, kompetente Fachkr\u00e4fte, die bereit sind, sich in einem soliden, innovativen Industrieumfeld, 100\u202f% Made in Italy, einzubringen Auch ohne aktuelle Stellenangebote k\u00f6nnen Sie eine Initiativbewerbung senden, indem Sie das Formular ausf\u00fcllen und [&hellip;]<\/p>\n","protected":false},"author":2,"featured_media":0,"parent":0,"menu_order":0,"comment_status":"closed","ping_status":"closed","template":"templates\/tpl-work-with-us.php","meta":{"_acf_changed":false,"footnotes":""},"class_list":["post-7199","page","type-page","status-publish","hentry"],"acf":[],"yoast_head":"<!-- This site is optimized with the Yoast SEO plugin v26.9 - https:\/\/yoast.com\/product\/yoast-seo-wordpress\/ -->\n<title>Karriere bei General Fittings | Job- und Stellenangebote<\/title>\n<meta name=\"description\" content=\"Karriere bei General Fittings: Entdecken Sie Job- und Stellenangebote und bewerben Sie sich bei einem soliden Industrieunternehmen.\" \/>\n<meta name=\"robots\" content=\"index, follow, max-snippet:-1, max-image-preview:large, max-video-preview:-1\" \/>\n<link rel=\"canonical\" href=\"https:\/\/www.generalfittings.it\/de\/karriere\/\" \/>\n<meta property=\"og:locale\" content=\"de_DE\" \/>\n<meta property=\"og:type\" content=\"article\" \/>\n<meta property=\"og:title\" content=\"Karriere bei General Fittings | Job- und Stellenangebote\" \/>\n<meta property=\"og:description\" content=\"Karriere bei General Fittings: Entdecken Sie Job- und Stellenangebote und bewerben Sie sich bei einem soliden Industrieunternehmen.\" \/>\n<meta property=\"og:url\" content=\"https:\/\/www.generalfittings.it\/de\/karriere\/\" \/>\n<meta property=\"og:site_name\" content=\"General Fittings\" \/>\n<meta property=\"article:modified_time\" content=\"2026-02-03T12:07:13+00:00\" \/>\n<meta property=\"og:image\" content=\"https:\/\/www.generalfittings.it\/wp-content\/uploads\/2026\/02\/GENERALFITTINGS_LOGO.jpg\" \/>\n\t<meta property=\"og:image:width\" content=\"696\" \/>\n\t<meta property=\"og:image:height\" content=\"696\" \/>\n\t<meta property=\"og:image:type\" content=\"image\/jpeg\" \/>\n<meta name=\"twitter:card\" content=\"summary_large_image\" \/>\n<meta name=\"twitter:label1\" content=\"Est. reading time\" \/>\n\t<meta name=\"twitter:data1\" content=\"1 minute\" \/>\n<script type=\"application\/ld+json\" class=\"yoast-schema-graph\">{\n\t    \"@context\": \"https:\/\/schema.org\",\n\t    \"@graph\": [\n\t        {\n\t            \"@type\": \"WebPage\",\n\t            \"@id\": \"https:\/\/www.generalfittings.it\/de\/karriere\/\",\n\t            \"url\": \"https:\/\/www.generalfittings.it\/de\/karriere\/\",\n\t            \"name\": \"Karriere bei General Fittings | Job- und Stellenangebote\",\n\t            \"isPartOf\": {\n\t                \"@id\": \"https:\/\/www.generalfittings.it\/de\/#website\"\n\t            },\n\t            \"datePublished\": \"2025-12-01T11:55:06+00:00\",\n\t            \"dateModified\": \"2026-02-03T12:07:13+00:00\",\n\t            \"description\": \"Karriere bei General Fittings: Entdecken Sie Job- und Stellenangebote und bewerben Sie sich bei einem soliden Industrieunternehmen.\",\n\t            \"breadcrumb\": {\n\t                \"@id\": \"https:\/\/www.generalfittings.it\/de\/karriere\/#breadcrumb\"\n\t            },\n\t            \"inLanguage\": \"de-DE\",\n\t            \"potentialAction\": [\n\t                {\n\t                    \"@type\": \"ReadAction\",\n\t                    \"target\": [\n\t                        \"https:\/\/www.generalfittings.it\/de\/karriere\/\"\n\t                    ]\n\t                }\n\t            ]\n\t        },\n\t        {\n\t            \"@type\": \"BreadcrumbList\",\n\t            \"@id\": \"https:\/\/www.generalfittings.it\/de\/karriere\/#breadcrumb\",\n\t            \"itemListElement\": [\n\t                {\n\t                    \"@type\": \"ListItem\",\n\t                    \"position\": 1,\n\t                    \"name\": \"Home\",\n\t                    \"item\": \"https:\/\/www.generalfittings.it\/de\/\"\n\t                },\n\t                {\n\t                    \"@type\": \"ListItem\",\n\t                    \"position\": 2,\n\t                    \"name\": \"Karriere\"\n\t                }\n\t            ]\n\t        },\n\t        {\n\t            \"@type\": \"WebSite\",\n\t            \"@id\": \"https:\/\/www.generalfittings.it\/de\/#website\",\n\t            \"url\": \"https:\/\/www.generalfittings.it\/de\/\",\n\t            \"name\": \"General Fittings\",\n\t            \"description\": \"\",\n\t            \"publisher\": {\n\t                \"@id\": \"https:\/\/www.generalfittings.it\/de\/#organization\"\n\t            },\n\t            \"potentialAction\": [\n\t                {\n\t                    \"@type\": \"SearchAction\",\n\t                    \"target\": {\n\t                        \"@type\": \"EntryPoint\",\n\t                        \"urlTemplate\": \"https:\/\/www.generalfittings.it\/de\/?s={search_term_string}\"\n\t                    },\n\t                    \"query-input\": {\n\t                        \"@type\": \"PropertyValueSpecification\",\n\t                        \"valueRequired\": true,\n\t                        \"valueName\": \"search_term_string\"\n\t                    }\n\t                }\n\t            ],\n\t            \"inLanguage\": \"de-DE\"\n\t        },\n\t        {\n\t            \"@type\": \"Organization\",\n\t            \"@id\": \"https:\/\/www.generalfittings.it\/de\/#organization\",\n\t            \"name\": \"General Fittings\",\n\t            \"url\": \"https:\/\/www.generalfittings.it\/de\/\",\n\t            \"logo\": {\n\t                \"@type\": \"ImageObject\",\n\t                \"inLanguage\": \"de-DE\",\n\t                \"@id\": \"https:\/\/www.generalfittings.it\/de\/#\/schema\/logo\/image\/\",\n\t                \"url\": \"https:\/\/www.generalfittings.it\/wp-content\/uploads\/2026\/02\/GENERALFITTINGS_LOGO.jpg\",\n\t                \"contentUrl\": \"https:\/\/www.generalfittings.it\/wp-content\/uploads\/2026\/02\/GENERALFITTINGS_LOGO.jpg\",\n\t                \"width\": 696,\n\t                \"height\": 696,\n\t                \"caption\": \"General Fittings\"\n\t            },\n\t            \"image\": {\n\t                \"@id\": \"https:\/\/www.generalfittings.it\/de\/#\/schema\/logo\/image\/\"\n\t            }\n\t        }\n\t    ]\n\t}<\/script>\n<!-- \/ Yoast SEO plugin. -->","yoast_head_json":{"title":"Karriere bei General Fittings | Job- und Stellenangebote","description":"Karriere bei General Fittings: Entdecken Sie Job- und Stellenangebote und bewerben Sie sich bei einem soliden Industrieunternehmen.","robots":{"index":"index","follow":"follow","max-snippet":"max-snippet:-1","max-image-preview":"max-image-preview:large","max-video-preview":"max-video-preview:-1"},"canonical":"https:\/\/www.generalfittings.it\/de\/karriere\/","og_locale":"de_DE","og_type":"article","og_title":"Karriere bei General Fittings | Job- und Stellenangebote","og_description":"Karriere bei General Fittings: Entdecken Sie Job- und Stellenangebote und bewerben Sie sich bei einem soliden Industrieunternehmen.","og_url":"https:\/\/www.generalfittings.it\/de\/karriere\/","og_site_name":"General Fittings","article_modified_time":"2026-02-03T12:07:13+00:00","og_image":[{"width":696,"height":696,"url":"https:\/\/www.generalfittings.it\/wp-content\/uploads\/2026\/02\/GENERALFITTINGS_LOGO.jpg","type":"image\/jpeg"}],"twitter_card":"summary_large_image","twitter_misc":{"Est. reading time":"1 minute"},"schema":{"@context":"https:\/\/schema.org","@graph":[{"@type":"WebPage","@id":"https:\/\/www.generalfittings.it\/de\/karriere\/","url":"https:\/\/www.generalfittings.it\/de\/karriere\/","name":"Karriere bei General Fittings | Job- und Stellenangebote","isPartOf":{"@id":"https:\/\/www.generalfittings.it\/de\/#website"},"datePublished":"2025-12-01T11:55:06+00:00","dateModified":"2026-02-03T12:07:13+00:00","description":"Karriere bei General Fittings: Entdecken Sie Job- und Stellenangebote und bewerben Sie sich bei einem soliden Industrieunternehmen.","breadcrumb":{"@id":"https:\/\/www.generalfittings.it\/de\/karriere\/#breadcrumb"},"inLanguage":"de-DE","potentialAction":[{"@type":"ReadAction","target":["https:\/\/www.generalfittings.it\/de\/karriere\/"]}]},{"@type":"BreadcrumbList","@id":"https:\/\/www.generalfittings.it\/de\/karriere\/#breadcrumb","itemListElement":[{"@type":"ListItem","position":1,"name":"Home","item":"https:\/\/www.generalfittings.it\/de\/"},{"@type":"ListItem","position":2,"name":"Karriere"}]},{"@type":"WebSite","@id":"https:\/\/www.generalfittings.it\/de\/#website","url":"https:\/\/www.generalfittings.it\/de\/","name":"General Fittings","description":"","publisher":{"@id":"https:\/\/www.generalfittings.it\/de\/#organization"},"potentialAction":[{"@type":"SearchAction","target":{"@type":"EntryPoint","urlTemplate":"https:\/\/www.generalfittings.it\/de\/?s={search_term_string}"},"query-input":{"@type":"PropertyValueSpecification","valueRequired":true,"valueName":"search_term_string"}}],"inLanguage":"de-DE"},{"@type":"Organization","@id":"https:\/\/www.generalfittings.it\/de\/#organization","name":"General Fittings","url":"https:\/\/www.generalfittings.it\/de\/","logo":{"@type":"ImageObject","inLanguage":"de-DE","@id":"https:\/\/www.generalfittings.it\/de\/#\/schema\/logo\/image\/","url":"https:\/\/www.generalfittings.it\/wp-content\/uploads\/2026\/02\/GENERALFITTINGS_LOGO.jpg","contentUrl":"https:\/\/www.generalfittings.it\/wp-content\/uploads\/2026\/02\/GENERALFITTINGS_LOGO.jpg","width":696,"height":696,"caption":"General Fittings"},"image":{"@id":"https:\/\/www.generalfittings.it\/de\/#\/schema\/logo\/image\/"}}]}},"_links":{"self":[{"href":"https:\/\/www.generalfittings.it\/de\/wp-json\/wp\/v2\/pages\/7199","targetHints":{"allow":["GET"]}}],"collection":[{"href":"https:\/\/www.generalfittings.it\/de\/wp-json\/wp\/v2\/pages"}],"about":[{"href":"https:\/\/www.generalfittings.it\/de\/wp-json\/wp\/v2\/types\/page"}],"author":[{"embeddable":true,"href":"https:\/\/www.generalfittings.it\/de\/wp-json\/wp\/v2\/users\/2"}],"replies":[{"embeddable":true,"href":"https:\/\/www.generalfittings.it\/de\/wp-json\/wp\/v2\/comments?post=7199"}],"version-history":[{"count":1,"href":"https:\/\/www.generalfittings.it\/de\/wp-json\/wp\/v2\/pages\/7199\/revisions"}],"predecessor-version":[{"id":13547,"href":"https:\/\/www.generalfittings.it\/de\/wp-json\/wp\/v2\/pages\/7199\/revisions\/13547"}],"wp:attachment":[{"href":"https:\/\/www.generalfittings.it\/de\/wp-json\/wp\/v2\/media?parent=7199"}],"curies":[{"name":"wp","href":"https:\/\/api.w.org\/{rel}","templated":true}]}}