{"id":15700,"date":"2026-03-27T08:45:56","date_gmt":"2026-03-27T07:45:56","guid":{"rendered":"https:\/\/www.generalfittings.it\/bim-2\/"},"modified":"2026-03-27T13:43:03","modified_gmt":"2026-03-27T12:43:03","slug":"bim","status":"publish","type":"page","link":"https:\/\/www.generalfittings.it\/de\/bim\/","title":{"rendered":"BIM"},"content":{"rendered":"<p data-start=\"0\" data-end=\"163\">General Fittings unterst\u00fctzt die <strong>digitale Planung<\/strong> durch die Bereitstellung parametrisierter BIM-Objekte seiner Sanit\u00e4r-, Heizungs- und Wasserinstallation-L\u00f6sungen.<\/p>\n<p data-start=\"165\" data-end=\"525\" data-is-last-node=\"\" data-is-only-node=\"\"><strong>Building Information Modeling (BIM)<\/strong> erm\u00f6glicht die Arbeit mit dreidimensionalen Modellen, die mit technischen Informationen angereichert sind, um Planungsentscheidungen zu optimieren, Fehler zu reduzieren und alle beteiligten Projektpartner effizient zu koordinieren.<br data-start=\"432\" data-end=\"435\" \/><strong>BIM<\/strong> gew\u00e4hrleistet Pr\u00e4zision, Geschwindigkeit und Integration in allen Phasen des Projekts.<\/p>\n<p>&nbsp;<\/p>\n<p><iframe loading=\"lazy\" src=\"\/\/productsite.bimobject.com\/de\/embed\/general-fittings\/privatecloud\/general-fittings\" width=\"100%\" height=\"1000\" frameborder=\"0\" scrolling=\"auto\"><span data-mce-type=\"bookmark\" style=\"display: inline-block; width: 0px; overflow: hidden; line-height: 0;\" class=\"mce_SELRES_start\">\ufeff<\/span><\/iframe><\/p>\n","protected":false},"excerpt":{"rendered":"<p>General Fittings unterst\u00fctzt die digitale Planung durch die Bereitstellung parametrisierter BIM-Objekte seiner Sanit\u00e4r-, Heizungs- und Wasserinstallation-L\u00f6sungen. Building Information Modeling (BIM) erm\u00f6glicht die Arbeit mit dreidimensionalen Modellen, die mit technischen Informationen angereichert sind, um Planungsentscheidungen zu optimieren, Fehler zu reduzieren und alle beteiligten Projektpartner effizient zu koordinieren.BIM gew\u00e4hrleistet Pr\u00e4zision, Geschwindigkeit und Integration in allen Phasen des [&hellip;]<\/p>\n","protected":false},"author":2,"featured_media":0,"parent":0,"menu_order":0,"comment_status":"closed","ping_status":"closed","template":"","meta":{"_acf_changed":false,"footnotes":""},"class_list":["post-15700","page","type-page","status-publish","hentry"],"acf":[],"yoast_head":"<!-- This site is optimized with the Yoast SEO plugin v26.9 - https:\/\/yoast.com\/product\/yoast-seo-wordpress\/ -->\n<title>BIM - General Fittings<\/title>\n<meta name=\"description\" content=\"BIM General Fittings: parametrische BIM-Objekte f\u00fcr die Planung von Sanit\u00e4r- und Heizungsanlagen. Modelle herunterladen und Projekte unterst\u00fctzen.\" \/>\n<meta name=\"robots\" content=\"index, follow, max-snippet:-1, max-image-preview:large, max-video-preview:-1\" \/>\n<link rel=\"canonical\" href=\"https:\/\/www.generalfittings.it\/de\/bim\/\" \/>\n<meta property=\"og:locale\" content=\"de_DE\" \/>\n<meta property=\"og:type\" content=\"article\" \/>\n<meta property=\"og:title\" content=\"BIM - General Fittings\" \/>\n<meta property=\"og:description\" content=\"BIM General Fittings: parametrische BIM-Objekte f\u00fcr die Planung von Sanit\u00e4r- und Heizungsanlagen. Modelle herunterladen und Projekte unterst\u00fctzen.\" \/>\n<meta property=\"og:url\" content=\"https:\/\/www.generalfittings.it\/de\/bim\/\" \/>\n<meta property=\"og:site_name\" content=\"General Fittings\" \/>\n<meta property=\"article:modified_time\" content=\"2026-03-27T12:43:03+00:00\" \/>\n<meta property=\"og:image\" content=\"https:\/\/www.generalfittings.it\/wp-content\/uploads\/2026\/02\/GENERALFITTINGS_LOGO.jpg\" \/>\n\t<meta property=\"og:image:width\" content=\"696\" \/>\n\t<meta property=\"og:image:height\" content=\"696\" \/>\n\t<meta property=\"og:image:type\" content=\"image\/jpeg\" \/>\n<meta name=\"twitter:card\" content=\"summary_large_image\" \/>\n<meta name=\"twitter:label1\" content=\"Est. reading time\" \/>\n\t<meta name=\"twitter:data1\" content=\"1 minute\" \/>\n<script type=\"application\/ld+json\" class=\"yoast-schema-graph\">{\n\t    \"@context\": \"https:\/\/schema.org\",\n\t    \"@graph\": [\n\t        {\n\t            \"@type\": \"WebPage\",\n\t            \"@id\": \"https:\/\/www.generalfittings.it\/de\/bim\/\",\n\t            \"url\": \"https:\/\/www.generalfittings.it\/de\/bim\/\",\n\t            \"name\": \"BIM - General Fittings\",\n\t            \"isPartOf\": {\n\t                \"@id\": \"https:\/\/www.generalfittings.it\/de\/#website\"\n\t            },\n\t            \"datePublished\": \"2026-03-27T07:45:56+00:00\",\n\t            \"dateModified\": \"2026-03-27T12:43:03+00:00\",\n\t            \"description\": \"BIM General Fittings: parametrische BIM-Objekte f\u00fcr die Planung von Sanit\u00e4r- und Heizungsanlagen. Modelle herunterladen und Projekte unterst\u00fctzen.\",\n\t            \"breadcrumb\": {\n\t                \"@id\": \"https:\/\/www.generalfittings.it\/de\/bim\/#breadcrumb\"\n\t            },\n\t            \"inLanguage\": \"de-DE\",\n\t            \"potentialAction\": [\n\t                {\n\t                    \"@type\": \"ReadAction\",\n\t                    \"target\": [\n\t                        \"https:\/\/www.generalfittings.it\/de\/bim\/\"\n\t                    ]\n\t                }\n\t            ]\n\t        },\n\t        {\n\t            \"@type\": \"BreadcrumbList\",\n\t            \"@id\": \"https:\/\/www.generalfittings.it\/de\/bim\/#breadcrumb\",\n\t            \"itemListElement\": [\n\t                {\n\t                    \"@type\": \"ListItem\",\n\t                    \"position\": 1,\n\t                    \"name\": \"Home\",\n\t                    \"item\": \"https:\/\/www.generalfittings.it\/de\/\"\n\t                },\n\t                {\n\t                    \"@type\": \"ListItem\",\n\t                    \"position\": 2,\n\t                    \"name\": \"BIM\"\n\t                }\n\t            ]\n\t        },\n\t        {\n\t            \"@type\": \"WebSite\",\n\t            \"@id\": \"https:\/\/www.generalfittings.it\/de\/#website\",\n\t            \"url\": \"https:\/\/www.generalfittings.it\/de\/\",\n\t            \"name\": \"General Fittings\",\n\t            \"description\": \"\",\n\t            \"publisher\": {\n\t                \"@id\": \"https:\/\/www.generalfittings.it\/de\/#organization\"\n\t            },\n\t            \"potentialAction\": [\n\t                {\n\t                    \"@type\": \"SearchAction\",\n\t                    \"target\": {\n\t                        \"@type\": \"EntryPoint\",\n\t                        \"urlTemplate\": \"https:\/\/www.generalfittings.it\/de\/?s={search_term_string}\"\n\t                    },\n\t                    \"query-input\": {\n\t                        \"@type\": \"PropertyValueSpecification\",\n\t                        \"valueRequired\": true,\n\t                        \"valueName\": \"search_term_string\"\n\t                    }\n\t                }\n\t            ],\n\t            \"inLanguage\": \"de-DE\"\n\t        },\n\t        {\n\t            \"@type\": \"Organization\",\n\t            \"@id\": \"https:\/\/www.generalfittings.it\/de\/#organization\",\n\t            \"name\": \"General Fittings\",\n\t            \"url\": \"https:\/\/www.generalfittings.it\/de\/\",\n\t            \"logo\": {\n\t                \"@type\": \"ImageObject\",\n\t                \"inLanguage\": \"de-DE\",\n\t                \"@id\": \"https:\/\/www.generalfittings.it\/de\/#\/schema\/logo\/image\/\",\n\t                \"url\": \"https:\/\/www.generalfittings.it\/wp-content\/uploads\/2026\/02\/GENERALFITTINGS_LOGO.jpg\",\n\t                \"contentUrl\": \"https:\/\/www.generalfittings.it\/wp-content\/uploads\/2026\/02\/GENERALFITTINGS_LOGO.jpg\",\n\t                \"width\": 696,\n\t                \"height\": 696,\n\t                \"caption\": \"General Fittings\"\n\t            },\n\t            \"image\": {\n\t                \"@id\": \"https:\/\/www.generalfittings.it\/de\/#\/schema\/logo\/image\/\"\n\t            }\n\t        }\n\t    ]\n\t}<\/script>\n<!-- \/ Yoast SEO plugin. -->","yoast_head_json":{"title":"BIM - General Fittings","description":"BIM General Fittings: parametrische BIM-Objekte f\u00fcr die Planung von Sanit\u00e4r- und Heizungsanlagen. Modelle herunterladen und Projekte unterst\u00fctzen.","robots":{"index":"index","follow":"follow","max-snippet":"max-snippet:-1","max-image-preview":"max-image-preview:large","max-video-preview":"max-video-preview:-1"},"canonical":"https:\/\/www.generalfittings.it\/de\/bim\/","og_locale":"de_DE","og_type":"article","og_title":"BIM - General Fittings","og_description":"BIM General Fittings: parametrische BIM-Objekte f\u00fcr die Planung von Sanit\u00e4r- und Heizungsanlagen. Modelle herunterladen und Projekte unterst\u00fctzen.","og_url":"https:\/\/www.generalfittings.it\/de\/bim\/","og_site_name":"General Fittings","article_modified_time":"2026-03-27T12:43:03+00:00","og_image":[{"width":696,"height":696,"url":"https:\/\/www.generalfittings.it\/wp-content\/uploads\/2026\/02\/GENERALFITTINGS_LOGO.jpg","type":"image\/jpeg"}],"twitter_card":"summary_large_image","twitter_misc":{"Est. reading time":"1 minute"},"schema":{"@context":"https:\/\/schema.org","@graph":[{"@type":"WebPage","@id":"https:\/\/www.generalfittings.it\/de\/bim\/","url":"https:\/\/www.generalfittings.it\/de\/bim\/","name":"BIM - General Fittings","isPartOf":{"@id":"https:\/\/www.generalfittings.it\/de\/#website"},"datePublished":"2026-03-27T07:45:56+00:00","dateModified":"2026-03-27T12:43:03+00:00","description":"BIM General Fittings: parametrische BIM-Objekte f\u00fcr die Planung von Sanit\u00e4r- und Heizungsanlagen. Modelle herunterladen und Projekte unterst\u00fctzen.","breadcrumb":{"@id":"https:\/\/www.generalfittings.it\/de\/bim\/#breadcrumb"},"inLanguage":"de-DE","potentialAction":[{"@type":"ReadAction","target":["https:\/\/www.generalfittings.it\/de\/bim\/"]}]},{"@type":"BreadcrumbList","@id":"https:\/\/www.generalfittings.it\/de\/bim\/#breadcrumb","itemListElement":[{"@type":"ListItem","position":1,"name":"Home","item":"https:\/\/www.generalfittings.it\/de\/"},{"@type":"ListItem","position":2,"name":"BIM"}]},{"@type":"WebSite","@id":"https:\/\/www.generalfittings.it\/de\/#website","url":"https:\/\/www.generalfittings.it\/de\/","name":"General Fittings","description":"","publisher":{"@id":"https:\/\/www.generalfittings.it\/de\/#organization"},"potentialAction":[{"@type":"SearchAction","target":{"@type":"EntryPoint","urlTemplate":"https:\/\/www.generalfittings.it\/de\/?s={search_term_string}"},"query-input":{"@type":"PropertyValueSpecification","valueRequired":true,"valueName":"search_term_string"}}],"inLanguage":"de-DE"},{"@type":"Organization","@id":"https:\/\/www.generalfittings.it\/de\/#organization","name":"General Fittings","url":"https:\/\/www.generalfittings.it\/de\/","logo":{"@type":"ImageObject","inLanguage":"de-DE","@id":"https:\/\/www.generalfittings.it\/de\/#\/schema\/logo\/image\/","url":"https:\/\/www.generalfittings.it\/wp-content\/uploads\/2026\/02\/GENERALFITTINGS_LOGO.jpg","contentUrl":"https:\/\/www.generalfittings.it\/wp-content\/uploads\/2026\/02\/GENERALFITTINGS_LOGO.jpg","width":696,"height":696,"caption":"General Fittings"},"image":{"@id":"https:\/\/www.generalfittings.it\/de\/#\/schema\/logo\/image\/"}}]}},"_links":{"self":[{"href":"https:\/\/www.generalfittings.it\/de\/wp-json\/wp\/v2\/pages\/15700","targetHints":{"allow":["GET"]}}],"collection":[{"href":"https:\/\/www.generalfittings.it\/de\/wp-json\/wp\/v2\/pages"}],"about":[{"href":"https:\/\/www.generalfittings.it\/de\/wp-json\/wp\/v2\/types\/page"}],"author":[{"embeddable":true,"href":"https:\/\/www.generalfittings.it\/de\/wp-json\/wp\/v2\/users\/2"}],"replies":[{"embeddable":true,"href":"https:\/\/www.generalfittings.it\/de\/wp-json\/wp\/v2\/comments?post=15700"}],"version-history":[{"count":1,"href":"https:\/\/www.generalfittings.it\/de\/wp-json\/wp\/v2\/pages\/15700\/revisions"}],"predecessor-version":[{"id":15759,"href":"https:\/\/www.generalfittings.it\/de\/wp-json\/wp\/v2\/pages\/15700\/revisions\/15759"}],"wp:attachment":[{"href":"https:\/\/www.generalfittings.it\/de\/wp-json\/wp\/v2\/media?parent=15700"}],"curies":[{"name":"wp","href":"https:\/\/api.w.org\/{rel}","templated":true}]}}